{"id":2791,"date":"2020-12-01T13:58:29","date_gmt":"2020-12-01T13:58:29","guid":{"rendered":"https:\/\/emeline.qodeinteractive.com\/agency-copy\/"},"modified":"2026-01-14T08:52:14","modified_gmt":"2026-01-14T08:52:14","slug":"our-team","status":"publish","type":"page","link":"https:\/\/alcea-avocats.fr\/index.php\/our-team\/","title":{"rendered":"NOUS"},"content":{"rendered":"\t\t<div data-elementor-type=\"wp-page\" data-elementor-id=\"2791\" class=\"elementor elementor-2791\" data-elementor-post-type=\"page\">\n\t\t\t\t<div class=\"elementor-element elementor-element-4b5ca4e e-flex e-con-boxed qodef-elementor-content-no e-con e-parent\" data-id=\"4b5ca4e\" data-element_type=\"container\">\n\t\t\t\t\t<div class=\"e-con-inner\">\n\t\t\t\t<div class=\"elementor-element elementor-element-3f87ff0 elementor-widget elementor-widget-slider_revolution\" data-id=\"3f87ff0\" data-element_type=\"widget\" data-widget_type=\"slider_revolution.default\">\n\t\t\t\t\t\n\t\t<div class=\"wp-block-themepunch-revslider\">\n\t\t\t\t<p class=\"rs-p-wp-fix\"><\/p>\n\t\t\t\t<sr7-module data-alias=\"landing-bottom1-1\" data-id=\"20\" id=\"SR7_20_1\" class=\"rs-ov-hidden\" data-version=\"6.7.34\">\n\t\t\t\t\t<sr7-adjuster><\/sr7-adjuster>\n\t\t\t\t\t<sr7-content>\n\t\t\t\t\t\t<sr7-slide id=\"SR7_20_1-51\" data-key=\"51\">\n\t\t\t\t\t\t\t<sr7-bg id=\"SR7_20_1-51-4\" class=\"sr7-layer\"><noscript><img decoding=\"async\" src=\"https:\/\/alcea-avocats.fr\/wp-content\/uploads\/2026\/01\/groupecanap.jpg\" alt=\"\" title=\"groupecanap\"><\/noscript><\/sr7-bg>\n\t\t\t\t\t\t\t<sr7-txt id=\"SR7_20_1-51-3\" class=\"sr7-layer\">Notre \u00e9quipe<\/sr7-txt>\n\t\t\t\t\t\t<\/sr7-slide>\n\t\t\t\t\t\t<sr7-slide id=\"SR7_20_1-52\" data-key=\"52\">\n\t\t\t\t\t\t<\/sr7-slide>\n\t\t\t\t\t<\/sr7-content>\n\t\t\t\t\t<image_lists style=\"display:none\">\n\t\t\t\t\t\t<img data-src=\"\/\/alcea-avocats.fr\/wp-content\/uploads\/2026\/01\/groupecanap.jpg\" data-libid=\"6910\" data-lib=\"medialibrary\" title=\"groupecanap\" width=\"0\" height=\"0\" data-dbsrc=\"Ly9hbGNlYS1hdm9jYXRzLmZyL3dwLWNvbnRlbnQvdXBsb2Fkcy8yMDI2LzAxL2dyb3VwZWNhbmFwLmpwZw==\"\/>\n\t\t\t\t\t<\/image_lists>\n\t\t\t\t<\/sr7-module>\n\t\t\t\t<script>\n\t\t\t\t\tSR7.PMH ??={}; SR7.PMH[\"SR7_20_1\"] = {cn:100,state:false,fn: function() { if (_tpt!==undefined && _tpt.prepareModuleHeight !== undefined) {  _tpt.prepareModuleHeight({id:\"SR7_20_1\",el:[640,640,450,360,270],type:'hero',shdw:'0',gh:[640,640,450,360,270],gw:[1240,1240,1024,778,480],vpt:['2px&#039;,&#039;2px&#039;,&#039;2px&#039;,&#039;2px&#039;,&#039;2px'],size:{fullWidth:true, fullHeight:false},mh:'0',onh:0,onw:0,bg:{color:'{\"orig\":\"transparent\",\"type\":\"solid\",\"string\":\"transparent\"}'}});   SR7.PMH[\"SR7_20_1\"].state=true;} else if(SR7.PMH[\"SR7_20_1\"].cn-->0)\tsetTimeout( SR7.PMH[\"SR7_20_1\"].fn,19);}};SR7.PMH[\"SR7_20_1\" ].fn();\n\t\t\t\t<\/script>\n<\/div>\n\n\t\t\t\t\t\t<\/div>\n\t\t\t\t\t<\/div>\n\t\t\t\t<\/div>\n\t\t<div class=\"elementor-element elementor-element-46a9632 e-con-full e-flex qodef-elementor-content-no e-con e-parent\" data-id=\"46a9632\" data-element_type=\"container\">\n\t\t<div class=\"elementor-element elementor-element-83a0a05 e-con-full e-flex qodef-elementor-content-no e-con e-child\" data-id=\"83a0a05\" data-element_type=\"container\">\n\t\t\t\t<div class=\"elementor-element elementor-element-d2c907e elementor-widget__width-initial elementor-widget elementor-widget-qi_addons_for_elementor_team_member\" data-id=\"d2c907e\" data-element_type=\"widget\" data-widget_type=\"qi_addons_for_elementor_team_member.default\">\n\t\t\t\t<div class=\"elementor-widget-container\">\n\t\t\t\t\t<div class=\"qodef-shortcode qodef-m qodef-qi-team-member qodef-item-layout--info-below\">\n\t<div class=\"qodef-m-inner\">\n\t\t<div class=\"qodef-m-image\">\n\t\t\t\t<div class=\"qodef-m-media-image\">\n\t\t<img fetchpriority=\"high\" decoding=\"async\" width=\"427\" height=\"640\" src=\"https:\/\/alcea-avocats.fr\/wp-content\/uploads\/2026\/01\/annelise.jpg\" class=\"attachment-full size-full\" alt=\"\" srcset=\"https:\/\/alcea-avocats.fr\/wp-content\/uploads\/2026\/01\/annelise.jpg 427w, https:\/\/alcea-avocats.fr\/wp-content\/uploads\/2026\/01\/annelise-200x300.jpg 200w\" sizes=\"(max-width: 427px) 100vw, 427px\" \/>\t<\/div>\n\t\t<\/div>\n\t\t<div class=\"qodef-m-content\">\n\t\t\t\t<h4 itemprop=\"name\" class=\"qodef-m-title\">\n\t\tAnne-Lise Cloarec\t<\/h4>\n\t\t\t\t\t<p class=\"qodef-m-role\">Fondatrice\/Avocate associ\u00e9e<\/p>\n\t\t\t\t<div class=\"qodef-m-social-icons\">\n\t\t\t\t\t\t<span class=\"qodef-e-social-icon\">\n\t\t\t\t\t\t\t\t\t<\/span>\n\t\t\t\t\t<\/div>\n\t\t<\/div>\n\t<\/div>\n<\/div>\n\t\t\t\t<\/div>\n\t\t\t\t<\/div>\n\t\t\t\t<div class=\"elementor-element elementor-element-03b1a65 team-link-wrap elementor-widget__width-initial elementor-widget elementor-widget-html\" data-id=\"03b1a65\" data-element_type=\"widget\" data-widget_type=\"html.default\">\n\t\t\t\t\t<a href=\"https:\/\/alcea-avocats.fr\/index.php\/anne-lise-cloarec\/\" aria-label=\"Voir le profil\"><\/a>\r\n\t\t\t\t<\/div>\n\t\t\t\t<\/div>\n\t\t<div class=\"elementor-element elementor-element-fb09d72 e-con-full e-flex qodef-elementor-content-no e-con e-child\" data-id=\"fb09d72\" data-element_type=\"container\">\n\t\t\t\t<div class=\"elementor-element elementor-element-27c74fc elementor-widget__width-inherit elementor-invisible elementor-widget elementor-widget-qi_addons_for_elementor_team_member\" data-id=\"27c74fc\" data-element_type=\"widget\" data-settings=\"{&quot;motion_fx_motion_fx_mouse&quot;:&quot;yes&quot;,&quot;_animation&quot;:&quot;fadeIn&quot;}\" data-widget_type=\"qi_addons_for_elementor_team_member.default\">\n\t\t\t\t<div class=\"elementor-widget-container\">\n\t\t\t\t\t<div class=\"qodef-shortcode qodef-m qodef-qi-team-member qodef-item-layout--info-below\">\n\t<div class=\"qodef-m-inner\">\n\t\t<div class=\"qodef-m-image\">\n\t\t\t\t<div class=\"qodef-m-media-image\">\n\t\t<img decoding=\"async\" width=\"427\" height=\"640\" src=\"https:\/\/alcea-avocats.fr\/wp-content\/uploads\/2026\/01\/camille-2.jpg\" class=\"attachment-qi_addons_for_elementor_image_size_portrait size-qi_addons_for_elementor_image_size_portrait\" alt=\"\" srcset=\"https:\/\/alcea-avocats.fr\/wp-content\/uploads\/2026\/01\/camille-2.jpg 427w, https:\/\/alcea-avocats.fr\/wp-content\/uploads\/2026\/01\/camille-2-200x300.jpg 200w\" sizes=\"(max-width: 427px) 100vw, 427px\" \/>\t<\/div>\n\t\t<\/div>\n\t\t<div class=\"qodef-m-content\">\n\t\t\t\t<h4 itemprop=\"name\" class=\"qodef-m-title\">\n\t\tCamille Pinzauti Lledo\t<\/h4>\n\t\t\t\t\t<p class=\"qodef-m-role\">Avocate collaboratrice<\/p>\n\t\t\t\t<div class=\"qodef-m-social-icons\">\n\t\t\t\t\t\t<span class=\"qodef-e-social-icon\">\n\t\t\t\t\t\t\t\t\t<\/span>\n\t\t\t\t\t<\/div>\n\t\t<\/div>\n\t<\/div>\n<\/div>\n\t\t\t\t<\/div>\n\t\t\t\t<\/div>\n\t\t\t\t<div class=\"elementor-element elementor-element-1c141af team-link-wrap elementor-widget__width-initial elementor-widget elementor-widget-html\" data-id=\"1c141af\" data-element_type=\"widget\" data-widget_type=\"html.default\">\n\t\t\t\t\t<a href=\"https:\/\/alcea-avocats.fr\/index.php\/camille-pinzauti-lledo\/\" aria-label=\"Voir le profil\"><\/a>\r\n\t\t\t\t<\/div>\n\t\t\t\t<\/div>\n\t\t<div class=\"elementor-element elementor-element-ee20232 e-con-full e-flex qodef-elementor-content-no e-con e-child\" data-id=\"ee20232\" data-element_type=\"container\">\n\t\t\t\t<div class=\"elementor-element elementor-element-e57a8ef elementor-widget__width-initial elementor-widget elementor-widget-qi_addons_for_elementor_team_member\" data-id=\"e57a8ef\" data-element_type=\"widget\" data-widget_type=\"qi_addons_for_elementor_team_member.default\">\n\t\t\t\t<div class=\"elementor-widget-container\">\n\t\t\t\t\t<div class=\"qodef-shortcode qodef-m qodef-qi-team-member qodef-item-layout--info-below\">\n\t<div class=\"qodef-m-inner\">\n\t\t<div class=\"qodef-m-image\">\n\t\t\t\t<div class=\"qodef-m-media-image\">\n\t\t<img loading=\"lazy\" decoding=\"async\" width=\"427\" height=\"640\" src=\"https:\/\/alcea-avocats.fr\/wp-content\/uploads\/2026\/01\/lea-3.jpg\" class=\"attachment-full size-full\" alt=\"\" srcset=\"https:\/\/alcea-avocats.fr\/wp-content\/uploads\/2026\/01\/lea-3.jpg 427w, https:\/\/alcea-avocats.fr\/wp-content\/uploads\/2026\/01\/lea-3-200x300.jpg 200w\" sizes=\"(max-width: 427px) 100vw, 427px\" \/>\t<\/div>\n\t\t<\/div>\n\t\t<div class=\"qodef-m-content\">\n\t\t\t\t<h4 itemprop=\"name\" class=\"qodef-m-title\">\n\t\tL\u00e9a Lucas\t<\/h4>\n\t\t\t\t\t<p class=\"qodef-m-role\">Avocate collaboratrice<\/p>\n\t\t\t\t<div class=\"qodef-m-social-icons\">\n\t\t\t\t\t\t<span class=\"qodef-e-social-icon\">\n\t\t\t\t\t\t\t\t\t<\/span>\n\t\t\t\t\t<\/div>\n\t\t<\/div>\n\t<\/div>\n<\/div>\n\t\t\t\t<\/div>\n\t\t\t\t<\/div>\n\t\t\t\t<div class=\"elementor-element elementor-element-a781d4a team-link-wrap elementor-widget__width-initial elementor-widget elementor-widget-html\" data-id=\"a781d4a\" data-element_type=\"widget\" data-widget_type=\"html.default\">\n\t\t\t\t\t<a href=\"https:\/\/alcea-avocats.fr\/index.php\/lea-lucas\/\" aria-label=\"Voir le profil\"><\/a>\r\n\t\t\t\t<\/div>\n\t\t\t\t<\/div>\n\t\t\t\t<\/div>\n\t\t<div class=\"elementor-element elementor-element-c7f03ef e-con-full e-flex qodef-elementor-content-no e-con e-parent\" data-id=\"c7f03ef\" data-element_type=\"container\">\n\t\t<div class=\"elementor-element elementor-element-8cbefbf e-con-full e-flex qodef-elementor-content-no e-con e-child\" data-id=\"8cbefbf\" data-element_type=\"container\">\n\t\t\t\t<div class=\"elementor-element elementor-element-f6875cc team-link-wrap elementor-widget__width-initial elementor-widget elementor-widget-html\" data-id=\"f6875cc\" data-element_type=\"widget\" data-widget_type=\"html.default\">\n\t\t\t\t\t<a href=\"https:\/\/alcea-avocats.fr\/index.php\/sylvie-gourdeau\/\" aria-label=\"Voir le profil\"><\/a>\r\n\t\t\t\t<\/div>\n\t\t\t\t<div class=\"elementor-element elementor-element-1f3e664 elementor-widget__width-initial elementor-widget elementor-widget-qi_addons_for_elementor_team_member\" data-id=\"1f3e664\" data-element_type=\"widget\" data-widget_type=\"qi_addons_for_elementor_team_member.default\">\n\t\t\t\t<div class=\"elementor-widget-container\">\n\t\t\t\t\t<div class=\"qodef-shortcode qodef-m qodef-qi-team-member qodef-item-layout--info-below\">\n\t<div class=\"qodef-m-inner\">\n\t\t<div class=\"qodef-m-image\">\n\t\t\t\t<div class=\"qodef-m-media-image\">\n\t\t<img loading=\"lazy\" decoding=\"async\" width=\"427\" height=\"640\" src=\"https:\/\/alcea-avocats.fr\/wp-content\/uploads\/2026\/01\/sylvie.jpg\" class=\"attachment-full size-full\" alt=\"\" srcset=\"https:\/\/alcea-avocats.fr\/wp-content\/uploads\/2026\/01\/sylvie.jpg 427w, https:\/\/alcea-avocats.fr\/wp-content\/uploads\/2026\/01\/sylvie-200x300.jpg 200w\" sizes=\"(max-width: 427px) 100vw, 427px\" \/>\t<\/div>\n\t\t<\/div>\n\t\t<div class=\"qodef-m-content\">\n\t\t\t\t<h4 itemprop=\"name\" class=\"qodef-m-title\">\n\t\tSylvie Gourdeau \t<\/h4>\n\t\t\t\t\t<p class=\"qodef-m-role\">Secr\u00e9taire Juridique<\/p>\n\t\t\t\t<div class=\"qodef-m-social-icons\">\n\t\t\t\t\t\t<span class=\"qodef-e-social-icon\">\n\t\t\t\t\t\t\t\t\t<\/span>\n\t\t\t\t\t<\/div>\n\t\t<\/div>\n\t<\/div>\n<\/div>\n\t\t\t\t<\/div>\n\t\t\t\t<\/div>\n\t\t\t\t<\/div>\n\t\t<div class=\"elementor-element elementor-element-991bdce e-con-full e-flex qodef-elementor-content-no e-con e-child\" data-id=\"991bdce\" data-element_type=\"container\">\n\t\t\t\t<div class=\"elementor-element elementor-element-faa0104 team-link-wrap elementor-widget__width-initial elementor-widget elementor-widget-html\" data-id=\"faa0104\" data-element_type=\"widget\" data-widget_type=\"html.default\">\n\t\t\t\t\t<a href=\"https:\/\/alcea-avocats.fr\/index.php\/marius-gougeon\/\" aria-label=\"Voir le profil\"><\/a>\r\n\t\t\t\t<\/div>\n\t\t\t\t<div class=\"elementor-element elementor-element-361526b elementor-widget__width-inherit elementor-invisible elementor-widget elementor-widget-qi_addons_for_elementor_team_member\" data-id=\"361526b\" data-element_type=\"widget\" data-settings=\"{&quot;motion_fx_motion_fx_mouse&quot;:&quot;yes&quot;,&quot;_animation&quot;:&quot;fadeIn&quot;}\" data-widget_type=\"qi_addons_for_elementor_team_member.default\">\n\t\t\t\t<div class=\"elementor-widget-container\">\n\t\t\t\t\t<div class=\"qodef-shortcode qodef-m qodef-qi-team-member qodef-item-layout--info-below\">\n\t<div class=\"qodef-m-inner\">\n\t\t<div class=\"qodef-m-image\">\n\t\t\t\t<div class=\"qodef-m-media-image\">\n\t\t<img loading=\"lazy\" decoding=\"async\" width=\"427\" height=\"640\" src=\"https:\/\/alcea-avocats.fr\/wp-content\/uploads\/2026\/01\/marius.jpg\" class=\"attachment-qi_addons_for_elementor_image_size_portrait size-qi_addons_for_elementor_image_size_portrait\" alt=\"\" srcset=\"https:\/\/alcea-avocats.fr\/wp-content\/uploads\/2026\/01\/marius.jpg 427w, https:\/\/alcea-avocats.fr\/wp-content\/uploads\/2026\/01\/marius-200x300.jpg 200w\" sizes=\"(max-width: 427px) 100vw, 427px\" \/>\t<\/div>\n\t\t<\/div>\n\t\t<div class=\"qodef-m-content\">\n\t\t\t\t<h4 itemprop=\"name\" class=\"qodef-m-title\">\n\t\tMarius Gougeon\t<\/h4>\n\t\t\t\t\t<p class=\"qodef-m-role\">Assistant juridique<\/p>\n\t\t\t\t<div class=\"qodef-m-social-icons\">\n\t\t\t\t\t\t<span class=\"qodef-e-social-icon\">\n\t\t\t\t\t\t\t\t\t<\/span>\n\t\t\t\t\t<\/div>\n\t\t<\/div>\n\t<\/div>\n<\/div>\n\t\t\t\t<\/div>\n\t\t\t\t<\/div>\n\t\t\t\t<\/div>\n\t\t\t\t<\/div>\n\t\t<div class=\"elementor-element elementor-element-3af22d4 e-flex e-con-boxed qodef-elementor-content-no e-con e-parent\" data-id=\"3af22d4\" data-element_type=\"container\">\n\t\t\t\t\t<div class=\"e-con-inner\">\n\t\t\t\t<div class=\"elementor-element elementor-element-d984efb elementor-widget elementor-widget-sbi-widget\" data-id=\"d984efb\" data-element_type=\"widget\" data-widget_type=\"sbi-widget.default\">\n\t\t\t\t<div class=\"elementor-widget-container\">\n\t\t\t\t\tNo feed selected to display.\t\t\t\t<\/div>\n\t\t\t\t<\/div>\n\t\t\t\t\t<\/div>\n\t\t\t\t<\/div>\n\t\t<div class=\"elementor-element elementor-element-10ec3341 bg-bleed e-flex e-con-boxed qodef-elementor-content-no e-con e-parent\" data-id=\"10ec3341\" data-element_type=\"container\" data-settings=\"{&quot;background_background&quot;:&quot;classic&quot;}\">\n\t\t\t\t\t<div class=\"e-con-inner\">\n\t\t<div class=\"elementor-element elementor-element-119297fe e-con-full e-grid bg-bleed__inner qodef-elementor-content-no e-con e-child\" data-id=\"119297fe\" data-element_type=\"container\">\n\t\t\t\t<div class=\"elementor-element elementor-element-9865945 elementor-position-top elementor-widget elementor-widget-image-box\" data-id=\"9865945\" data-element_type=\"widget\" data-widget_type=\"image-box.default\">\n\t\t\t\t\t<div class=\"elementor-image-box-wrapper\"><figure class=\"elementor-image-box-img\"><img loading=\"lazy\" decoding=\"async\" width=\"2560\" height=\"2208\" src=\"https:\/\/alcea-avocats.fr\/wp-content\/uploads\/2026\/01\/logo_alcea_v2-1-scaled.png\" class=\"attachment-full size-full wp-image-6391\" alt=\"\" srcset=\"https:\/\/alcea-avocats.fr\/wp-content\/uploads\/2026\/01\/logo_alcea_v2-1-scaled.png 2560w, https:\/\/alcea-avocats.fr\/wp-content\/uploads\/2026\/01\/logo_alcea_v2-1-300x259.png 300w, https:\/\/alcea-avocats.fr\/wp-content\/uploads\/2026\/01\/logo_alcea_v2-1-1024x883.png 1024w, https:\/\/alcea-avocats.fr\/wp-content\/uploads\/2026\/01\/logo_alcea_v2-1-768x662.png 768w, https:\/\/alcea-avocats.fr\/wp-content\/uploads\/2026\/01\/logo_alcea_v2-1-1536x1325.png 1536w, https:\/\/alcea-avocats.fr\/wp-content\/uploads\/2026\/01\/logo_alcea_v2-1-2048x1767.png 2048w\" sizes=\"(max-width: 2560px) 100vw, 2560px\" \/><\/figure><\/div>\t\t\t\t<\/div>\n\t\t<div class=\"elementor-element elementor-element-1d49c747 e-con-full e-flex qodef-elementor-content-no e-con e-child\" data-id=\"1d49c747\" data-element_type=\"container\">\n\t\t\t\t<div class=\"elementor-element elementor-element-65745e8c elementor-widget elementor-widget-heading\" data-id=\"65745e8c\" data-element_type=\"widget\" data-widget_type=\"heading.default\">\n\t\t\t\t\t<h6 class=\"elementor-heading-title elementor-size-default\">Plan du site<\/h6>\t\t\t\t<\/div>\n\t\t\t\t<div class=\"elementor-element elementor-element-23f5d97d elementor-nav-menu--dropdown-none elementor-widget elementor-widget-nav-menu\" data-id=\"23f5d97d\" data-element_type=\"widget\" data-settings=\"{&quot;layout&quot;:&quot;vertical&quot;,&quot;submenu_icon&quot;:{&quot;value&quot;:&quot;&lt;i aria-hidden=\\&quot;true\\&quot; class=\\&quot;\\&quot;&gt;&lt;\\\/i&gt;&quot;,&quot;library&quot;:&quot;&quot;}}\" data-widget_type=\"nav-menu.default\">\n\t\t\t\t\t\t\t\t<nav aria-label=\"Menu\" class=\"elementor-nav-menu--main elementor-nav-menu__container elementor-nav-menu--layout-vertical e--pointer-none\">\n\t\t\t\t<ul id=\"menu-1-23f5d97d\" class=\"elementor-nav-menu sm-vertical\"><li class=\"menu-item menu-item-type-custom menu-item-object-custom menu-item-home menu-item-11\"><a href=\"https:\/\/alcea-avocats.fr\" title=\"home\" class=\"elementor-item\">Bonjour !<\/a><\/li>\n<li class=\"menu-item menu-item-type-post_type menu-item-object-page menu-item-7174\"><a href=\"https:\/\/alcea-avocats.fr\/index.php\/vous\/\" class=\"elementor-item\">Vous<\/a><\/li>\n<li class=\"menu-item menu-item-type-post_type menu-item-object-page menu-item-6307\"><a href=\"https:\/\/alcea-avocats.fr\/index.php\/ensemble\/\" class=\"elementor-item\">Ensemble<\/a><\/li>\n<li class=\"menu-item menu-item-type-post_type menu-item-object-page menu-item-6308\"><a href=\"https:\/\/alcea-avocats.fr\/index.php\/our-team\/\" class=\"elementor-item\">Nous<\/a><\/li>\n<li class=\"menu-item menu-item-type-post_type menu-item-object-page menu-item-6450\"><a href=\"https:\/\/alcea-avocats.fr\/index.php\/contact\/\" class=\"elementor-item\">Rencontrons-nous<\/a><\/li>\n<\/ul>\t\t\t<\/nav>\n\t\t\t\t\t\t<nav class=\"elementor-nav-menu--dropdown elementor-nav-menu__container\" aria-hidden=\"true\">\n\t\t\t\t<ul id=\"menu-2-23f5d97d\" class=\"elementor-nav-menu sm-vertical\"><li class=\"menu-item menu-item-type-custom menu-item-object-custom menu-item-home menu-item-11\"><a href=\"https:\/\/alcea-avocats.fr\" title=\"home\" class=\"elementor-item\" tabindex=\"-1\">Bonjour !<\/a><\/li>\n<li class=\"menu-item menu-item-type-post_type menu-item-object-page menu-item-7174\"><a href=\"https:\/\/alcea-avocats.fr\/index.php\/vous\/\" class=\"elementor-item\" tabindex=\"-1\">Vous<\/a><\/li>\n<li class=\"menu-item menu-item-type-post_type menu-item-object-page menu-item-6307\"><a href=\"https:\/\/alcea-avocats.fr\/index.php\/ensemble\/\" class=\"elementor-item\" tabindex=\"-1\">Ensemble<\/a><\/li>\n<li class=\"menu-item menu-item-type-post_type menu-item-object-page menu-item-6308\"><a href=\"https:\/\/alcea-avocats.fr\/index.php\/our-team\/\" class=\"elementor-item\" tabindex=\"-1\">Nous<\/a><\/li>\n<li class=\"menu-item menu-item-type-post_type menu-item-object-page menu-item-6450\"><a href=\"https:\/\/alcea-avocats.fr\/index.php\/contact\/\" class=\"elementor-item\" tabindex=\"-1\">Rencontrons-nous<\/a><\/li>\n<\/ul>\t\t\t<\/nav>\n\t\t\t\t\t\t<\/div>\n\t\t\t\t<\/div>\n\t\t<div class=\"elementor-element elementor-element-493125d8 e-con-full e-flex qodef-elementor-content-no e-con e-child\" data-id=\"493125d8\" data-element_type=\"container\">\n\t\t\t\t<div class=\"elementor-element elementor-element-1560dbea elementor-widget elementor-widget-heading\" data-id=\"1560dbea\" data-element_type=\"widget\" data-widget_type=\"heading.default\">\n\t\t\t\t\t<h6 class=\"elementor-heading-title elementor-size-default\">Suivez-nous sur les r\u00e9seaux sociaux!<\/h6>\t\t\t\t<\/div>\n\t\t\t\t<div class=\"elementor-element elementor-element-4dcdb25e e-grid-align-left elementor-shape-rounded elementor-grid-0 elementor-widget elementor-widget-social-icons\" data-id=\"4dcdb25e\" data-element_type=\"widget\" data-widget_type=\"social-icons.default\">\n\t\t\t\t\t\t\t<div class=\"elementor-social-icons-wrapper elementor-grid\" role=\"list\">\n\t\t\t\t\t\t\t<span class=\"elementor-grid-item\" role=\"listitem\">\n\t\t\t\t\t<a class=\"elementor-icon elementor-social-icon elementor-social-icon-instagram elementor-repeater-item-828f132\" href=\"https:\/\/www.instagram.com\/alcea_avocats\/\" target=\"_blank\">\n\t\t\t\t\t\t<span class=\"elementor-screen-only\">Instagram<\/span>\n\t\t\t\t\t\t<svg aria-hidden=\"true\" class=\"e-font-icon-svg e-fab-instagram\" viewBox=\"0 0 448 512\" xmlns=\"http:\/\/www.w3.org\/2000\/svg\"><path d=\"M224.1 141c-63.6 0-114.9 51.3-114.9 114.9s51.3 114.9 114.9 114.9S339 319.5 339 255.9 287.7 141 224.1 141zm0 189.6c-41.1 0-74.7-33.5-74.7-74.7s33.5-74.7 74.7-74.7 74.7 33.5 74.7 74.7-33.6 74.7-74.7 74.7zm146.4-194.3c0 14.9-12 26.8-26.8 26.8-14.9 0-26.8-12-26.8-26.8s12-26.8 26.8-26.8 26.8 12 26.8 26.8zm76.1 27.2c-1.7-35.9-9.9-67.7-36.2-93.9-26.2-26.2-58-34.4-93.9-36.2-37-2.1-147.9-2.1-184.9 0-35.8 1.7-67.6 9.9-93.9 36.1s-34.4 58-36.2 93.9c-2.1 37-2.1 147.9 0 184.9 1.7 35.9 9.9 67.7 36.2 93.9s58 34.4 93.9 36.2c37 2.1 147.9 2.1 184.9 0 35.9-1.7 67.7-9.9 93.9-36.2 26.2-26.2 34.4-58 36.2-93.9 2.1-37 2.1-147.8 0-184.8zM398.8 388c-7.8 19.6-22.9 34.7-42.6 42.6-29.5 11.7-99.5 9-132.1 9s-102.7 2.6-132.1-9c-19.6-7.8-34.7-22.9-42.6-42.6-11.7-29.5-9-99.5-9-132.1s-2.6-102.7 9-132.1c7.8-19.6 22.9-34.7 42.6-42.6 29.5-11.7 99.5-9 132.1-9s102.7-2.6 132.1 9c19.6 7.8 34.7 22.9 42.6 42.6 11.7 29.5 9 99.5 9 132.1s2.7 102.7-9 132.1z\"><\/path><\/svg>\t\t\t\t\t<\/a>\n\t\t\t\t<\/span>\n\t\t\t\t\t\t\t<span class=\"elementor-grid-item\" role=\"listitem\">\n\t\t\t\t\t<a class=\"elementor-icon elementor-social-icon elementor-social-icon-linkedin elementor-repeater-item-5c0ce3c\" href=\"https:\/\/www.linkedin.com\/company\/alcea-avocats-lemans\/\" target=\"_blank\">\n\t\t\t\t\t\t<span class=\"elementor-screen-only\">Linkedin<\/span>\n\t\t\t\t\t\t<svg aria-hidden=\"true\" class=\"e-font-icon-svg e-fab-linkedin\" viewBox=\"0 0 448 512\" xmlns=\"http:\/\/www.w3.org\/2000\/svg\"><path d=\"M416 32H31.9C14.3 32 0 46.5 0 64.3v383.4C0 465.5 14.3 480 31.9 480H416c17.6 0 32-14.5 32-32.3V64.3c0-17.8-14.4-32.3-32-32.3zM135.4 416H69V202.2h66.5V416zm-33.2-243c-21.3 0-38.5-17.3-38.5-38.5S80.9 96 102.2 96c21.2 0 38.5 17.3 38.5 38.5 0 21.3-17.2 38.5-38.5 38.5zm282.1 243h-66.4V312c0-24.8-.5-56.7-34.5-56.7-34.6 0-39.9 27-39.9 54.9V416h-66.4V202.2h63.7v29.2h.9c8.9-16.8 30.6-34.5 62.9-34.5 67.2 0 79.7 44.3 79.7 101.9V416z\"><\/path><\/svg>\t\t\t\t\t<\/a>\n\t\t\t\t<\/span>\n\t\t\t\t\t\t\t<span class=\"elementor-grid-item\" role=\"listitem\">\n\t\t\t\t\t<a class=\"elementor-icon elementor-social-icon elementor-social-icon-facebook-f elementor-repeater-item-3f1b7ac\" href=\"https:\/\/www.facebook.com\/ALCavocats\" target=\"_blank\">\n\t\t\t\t\t\t<span class=\"elementor-screen-only\">Facebook-f<\/span>\n\t\t\t\t\t\t<svg aria-hidden=\"true\" class=\"e-font-icon-svg e-fab-facebook-f\" viewBox=\"0 0 320 512\" xmlns=\"http:\/\/www.w3.org\/2000\/svg\"><path d=\"M279.14 288l14.22-92.66h-88.91v-60.13c0-25.35 12.42-50.06 52.24-50.06h40.42V6.26S260.43 0 225.36 0c-73.22 0-121.08 44.38-121.08 124.72v70.62H22.89V288h81.39v224h100.17V288z\"><\/path><\/svg>\t\t\t\t\t<\/a>\n\t\t\t\t<\/span>\n\t\t\t\t\t<\/div>\n\t\t\t\t\t\t<\/div>\n\t\t\t\t<div class=\"elementor-element elementor-element-d7f0c1e elementor-widget elementor-widget-button\" data-id=\"d7f0c1e\" data-element_type=\"widget\" data-widget_type=\"button.default\">\n\t\t\t\t\t\t\t\t\t\t<a class=\"elementor-button elementor-button-link elementor-size-sm\" href=\"https:\/\/alcea-avocats.fr\/index.php\/contact\/\">\n\t\t\t\t\t\t<span class=\"elementor-button-content-wrapper\">\n\t\t\t\t\t\t\t\t\t<span class=\"elementor-button-text\">Rencontrons-nous<\/span>\n\t\t\t\t\t<\/span>\n\t\t\t\t\t<\/a>\n\t\t\t\t\t\t\t\t<\/div>\n\t\t\t\t<div class=\"elementor-element elementor-element-11523a3a elementor-widget elementor-widget-heading\" data-id=\"11523a3a\" data-element_type=\"widget\" data-widget_type=\"heading.default\">\n\t\t\t\t\t<h6 class=\"elementor-heading-title elementor-size-default\"><a href=\"https:\/\/alcea-avocats.fr\/index.php\/mentions-legales\/\">Mentions l\u00e9gales<\/a><\/h6>\t\t\t\t<\/div>\n\t\t\t\t<\/div>\n\t\t\t\t<\/div>\n\t\t\t\t\t<\/div>\n\t\t\t\t<\/div>\n\t\t\t\t<\/div>\n\t\t","protected":false},"excerpt":{"rendered":"<p>Anne-Lise Cloarec Fondatrice\/Avocate associ\u00e9e Camille Pinzauti Lledo Avocate collaboratrice L\u00e9a Lucas Avocate collaboratrice Sylvie Gourdeau Secr\u00e9taire Juridique Marius Gougeon Assistant juridique Get started with your first feed from Instagram Create Instagram Feed Did you Know? You can display feeds of Instagram photos, videos, albums, events and more using the Pro version. Plan du site Suivez-nous [&hellip;]<\/p>\n","protected":false},"author":1,"featured_media":0,"parent":0,"menu_order":0,"comment_status":"closed","ping_status":"closed","template":"","meta":{"footnotes":""},"class_list":["post-2791","page","type-page","status-publish","hentry"],"_links":{"self":[{"href":"https:\/\/alcea-avocats.fr\/index.php\/wp-json\/wp\/v2\/pages\/2791","targetHints":{"allow":["GET"]}}],"collection":[{"href":"https:\/\/alcea-avocats.fr\/index.php\/wp-json\/wp\/v2\/pages"}],"about":[{"href":"https:\/\/alcea-avocats.fr\/index.php\/wp-json\/wp\/v2\/types\/page"}],"author":[{"embeddable":true,"href":"https:\/\/alcea-avocats.fr\/index.php\/wp-json\/wp\/v2\/users\/1"}],"replies":[{"embeddable":true,"href":"https:\/\/alcea-avocats.fr\/index.php\/wp-json\/wp\/v2\/comments?post=2791"}],"version-history":[{"count":132,"href":"https:\/\/alcea-avocats.fr\/index.php\/wp-json\/wp\/v2\/pages\/2791\/revisions"}],"predecessor-version":[{"id":7272,"href":"https:\/\/alcea-avocats.fr\/index.php\/wp-json\/wp\/v2\/pages\/2791\/revisions\/7272"}],"wp:attachment":[{"href":"https:\/\/alcea-avocats.fr\/index.php\/wp-json\/wp\/v2\/media?parent=2791"}],"curies":[{"name":"wp","href":"https:\/\/api.w.org\/{rel}","templated":true}]}}