{"id":6298,"date":"2025-12-23T14:25:28","date_gmt":"2025-12-23T14:25:28","guid":{"rendered":"https:\/\/mbfvmza.cluster100.hosting.ovh.net\/?page_id=6298"},"modified":"2026-01-14T08:50:54","modified_gmt":"2026-01-14T08:50:54","slug":"ensemble","status":"publish","type":"page","link":"https:\/\/alcea-avocats.fr\/index.php\/ensemble\/","title":{"rendered":"ENSEMBLE"},"content":{"rendered":"\t\t<div data-elementor-type=\"wp-page\" data-elementor-id=\"6298\" class=\"elementor elementor-6298\" data-elementor-post-type=\"page\">\n\t\t\t\t<div class=\"elementor-element elementor-element-0ae8db1 e-flex e-con-boxed qodef-elementor-content-no e-con e-parent\" data-id=\"0ae8db1\" data-element_type=\"container\">\n\t\t\t\t\t<div class=\"e-con-inner\">\n\t\t\t\t<div class=\"elementor-element elementor-element-0802a5f elementor-widget elementor-widget-slider_revolution\" data-id=\"0802a5f\" data-element_type=\"widget\" data-widget_type=\"slider_revolution.default\">\n\t\t\t\t\t\n\t\t<div class=\"wp-block-themepunch-revslider\">\n\t\t\t\t<p class=\"rs-p-wp-fix\"><\/p>\n\t\t\t\t<sr7-module data-alias=\"team-1\" data-id=\"21\" id=\"SR7_21_1\" class=\"rs-ov-hidden\" data-version=\"6.7.34\">\n\t\t\t\t\t<sr7-adjuster><\/sr7-adjuster>\n\t\t\t\t\t<sr7-content>\n\t\t\t\t\t\t<sr7-slide id=\"SR7_21_1-53\" data-key=\"53\">\n\t\t\t\t\t\t\t<sr7-bg id=\"SR7_21_1-53-4\" class=\"sr7-layer\"><noscript><img decoding=\"async\" src=\"https:\/\/alcea-avocats.fr\/wp-content\/uploads\/2026\/01\/bienvenue.jpg\" alt=\"\" title=\"bienvenue\"><\/noscript><\/sr7-bg>\n\t\t\t\t\t\t\t<sr7-txt id=\"SR7_21_1-53-3\" class=\"sr7-layer\">Notre m\u00e9thode<\/sr7-txt>\n\t\t\t\t\t\t<\/sr7-slide>\n\t\t\t\t\t\t<sr7-slide id=\"SR7_21_1-54\" data-key=\"54\">\n\t\t\t\t\t\t<\/sr7-slide>\n\t\t\t\t\t<\/sr7-content>\n\t\t\t\t\t<image_lists style=\"display:none\">\n\t\t\t\t\t\t<img data-src=\"\/\/alcea-avocats.fr\/wp-content\/uploads\/2026\/01\/bienvenue.jpg\" data-libid=\"7134\" data-lib=\"medialibrary\" title=\"bienvenue\" width=\"0\" height=\"0\" data-dbsrc=\"Ly9hbGNlYS1hdm9jYXRzLmZyL3dwLWNvbnRlbnQvdXBsb2Fkcy8yMDI2LzAxL2JpZW52ZW51ZS5qcGc=\"\/>\n\t\t\t\t\t<\/image_lists>\n\t\t\t\t<\/sr7-module>\n\t\t\t\t<script>\n\t\t\t\t\tSR7.PMH ??={}; SR7.PMH[\"SR7_21_1\"] = {cn:100,state:false,fn: function() { if (_tpt!==undefined && _tpt.prepareModuleHeight !== undefined) {  _tpt.prepareModuleHeight({id:\"SR7_21_1\",el:[640,640,550,560,470],type:'hero',shdw:'0',gh:[640,640,550,560,470],gw:[1240,1240,1024,778,480],vpt:['2px&#039;,&#039;2px&#039;,&#039;2px&#039;,&#039;2px&#039;,&#039;2px'],size:{fullWidth:true, fullHeight:false},mh:'0',onh:0,onw:0,bg:{color:'{\"orig\":\"transparent\",\"type\":\"solid\",\"string\":\"transparent\"}'}});   SR7.PMH[\"SR7_21_1\"].state=true;} else if(SR7.PMH[\"SR7_21_1\"].cn-->0)\tsetTimeout( SR7.PMH[\"SR7_21_1\"].fn,19);}};SR7.PMH[\"SR7_21_1\" ].fn();\n\t\t\t\t<\/script>\n<\/div>\n\n\t\t\t\t\t\t<\/div>\n\t\t\t\t\t<\/div>\n\t\t\t\t<\/div>\n\t\t<div class=\"elementor-element elementor-element-3ffeb48 e-flex e-con-boxed qodef-elementor-content-no e-con e-parent\" data-id=\"3ffeb48\" data-element_type=\"container\" data-settings=\"{&quot;background_background&quot;:&quot;classic&quot;}\">\n\t\t\t\t\t<div class=\"e-con-inner\">\n\t\t\t\t<div class=\"elementor-element elementor-element-6ac3720 elementor-widget elementor-widget-qi_addons_for_elementor_timeline\" data-id=\"6ac3720\" data-element_type=\"widget\" data-widget_type=\"qi_addons_for_elementor_timeline.default\">\n\t\t\t\t<div class=\"elementor-widget-container\">\n\t\t\t\t\t<div class=\"qodef-shortcode qodef-m qodef-qi-timeline qodef-timeline--vertical qodef-timeline-layout--vertical-separated qodef-line--outside qodef-point--standard qodef-qi--has-appear qodef-reverse-padding\">\n\t<div class=\"qodef-e qodef-e-item elementor-repeater-item-8ea197b qodef-obverse\">\n\t<div class=\"qodef-e-line-holder\">\n\t\t<span class=\"qodef-e-line\"><\/span>\n\t<\/div>\n\t<div class=\"qodef-e-item-inner\">\n\t\t<div class=\"qodef-e-point-holder\">\n\t\t\t<div class=\"qodef-e-point\">\n\t\t\t\t\t\t\t<\/div>\n\t\t<\/div>\n\t\t<div class=\"qodef-e-side-holder\">\n\t\t\t<div class=\"qodef-e-image\">\n\t<img fetchpriority=\"high\" decoding=\"async\" width=\"696\" height=\"634\" src=\"https:\/\/alcea-avocats.fr\/wp-content\/uploads\/2026\/01\/test9-copie.png\" class=\"attachment-full size-full\" alt=\"\" srcset=\"https:\/\/alcea-avocats.fr\/wp-content\/uploads\/2026\/01\/test9-copie.png 696w, https:\/\/alcea-avocats.fr\/wp-content\/uploads\/2026\/01\/test9-copie-300x273.png 300w\" sizes=\"(max-width: 696px) 100vw, 696px\" \/><\/div>\n\t\t<\/div>\n\t\t<div class=\"qodef-e-content-holder\">\n\t\t\t\t\t\t\t<h4 class=\"qodef-e-title\">\n\t\tPrendre le temps de vous \u00e9couter\t\t<\/h4>\n\t\t\t\t\t<p class=\"qodef-e-text\">\n\t\tNous prenons le temps de vous rencontrer. Nous ne croyons pas aux premiers conseils par t\u00e9l\u00e9phone ou par mail. Chaque consultation dure une heure, exclusivement consacr\u00e9e \u00e0 votre situation. L\u2019\u00e9coute sera la premi\u00e8re pierre de notre accompagnement de confiance\t<\/p>\n\t\t\t<\/div>\n\t<\/div>\n<\/div>\n<div class=\"qodef-e qodef-e-item elementor-repeater-item-a1b44a8 qodef-reverse\">\n\t<div class=\"qodef-e-line-holder\">\n\t\t<span class=\"qodef-e-line\"><\/span>\n\t<\/div>\n\t<div class=\"qodef-e-item-inner\">\n\t\t<div class=\"qodef-e-point-holder\">\n\t\t\t<div class=\"qodef-e-point\">\n\t\t\t\t\t\t\t<\/div>\n\t\t<\/div>\n\t\t<div class=\"qodef-e-side-holder\">\n\t\t\t<div class=\"qodef-e-image\">\n\t<img decoding=\"async\" width=\"696\" height=\"634\" src=\"https:\/\/alcea-avocats.fr\/wp-content\/uploads\/2026\/01\/test2.png\" class=\"attachment-full size-full\" alt=\"\" srcset=\"https:\/\/alcea-avocats.fr\/wp-content\/uploads\/2026\/01\/test2.png 696w, https:\/\/alcea-avocats.fr\/wp-content\/uploads\/2026\/01\/test2-300x273.png 300w\" sizes=\"(max-width: 696px) 100vw, 696px\" \/><\/div>\n\t\t<\/div>\n\t\t<div class=\"qodef-e-content-holder\">\n\t\t\t\t\t\t\t<h4 class=\"qodef-e-title\">\n\t\tPr\u00e9f\u00e9rer l\u2019amiable au judiciaire\t\t<\/h4>\n\t\t\t\t\t<p class=\"qodef-e-text\">\n\t\tUn conflit bien r\u00e9solu n\u2019a pas toujours besoin d\u2019un tribunal. Le port syst\u00e9matique de notre robe noire n\u2019est pas un objectif de notre accompagnement. La m\u00e9diation et la n\u00e9gociation sont int\u00e9gr\u00e9es \u00e0 notre m\u00e9thode comme des fondamentaux de la recherche de solutions durables.\t<\/p>\n\t\t\t<\/div>\n\t<\/div>\n<\/div>\n<div class=\"qodef-e qodef-e-item elementor-repeater-item-4277c2d qodef-obverse\">\n\t<div class=\"qodef-e-line-holder\">\n\t\t<span class=\"qodef-e-line\"><\/span>\n\t<\/div>\n\t<div class=\"qodef-e-item-inner\">\n\t\t<div class=\"qodef-e-point-holder\">\n\t\t\t<div class=\"qodef-e-point\">\n\t\t\t\t\t\t\t<\/div>\n\t\t<\/div>\n\t\t<div class=\"qodef-e-side-holder\">\n\t\t\t<div class=\"qodef-e-image\">\n\t<img loading=\"lazy\" decoding=\"async\" width=\"696\" height=\"634\" src=\"https:\/\/alcea-avocats.fr\/wp-content\/uploads\/2026\/01\/test10.jpg\" class=\"attachment-full size-full\" alt=\"\" srcset=\"https:\/\/alcea-avocats.fr\/wp-content\/uploads\/2026\/01\/test10.jpg 696w, https:\/\/alcea-avocats.fr\/wp-content\/uploads\/2026\/01\/test10-300x273.jpg 300w\" sizes=\"(max-width: 696px) 100vw, 696px\" \/><\/div>\n\t\t<\/div>\n\t\t<div class=\"qodef-e-content-holder\">\n\t\t\t\t\t\t\t<h4 class=\"qodef-e-title\">\n\t\tRester cr\u00e9atif avec le droit\t\t<\/h4>\n\t\t\t\t\t<p class=\"qodef-e-text\">\n\t\tVotre histoire n\u2019entre pas dans une case, nos solutions non plus. Nous pr\u00e9f\u00e9rons la libert\u00e9 de cr\u00e9er des solutions sur mesure et de mobiliser le droit comme une mati\u00e8re vivante, \u00e0 combiner, ajuster, toujours dans le respect des r\u00e8gles, maitris\u00e9es par les avocats du cabinet.\t<\/p>\n\t\t\t<\/div>\n\t<\/div>\n<\/div>\n<div class=\"qodef-e qodef-e-item elementor-repeater-item-9e5d43d qodef-reverse\">\n\t<div class=\"qodef-e-line-holder\">\n\t\t<span class=\"qodef-e-line\"><\/span>\n\t<\/div>\n\t<div class=\"qodef-e-item-inner\">\n\t\t<div class=\"qodef-e-point-holder\">\n\t\t\t<div class=\"qodef-e-point\">\n\t\t\t\t\t\t\t<\/div>\n\t\t<\/div>\n\t\t<div class=\"qodef-e-side-holder\">\n\t\t\t<div class=\"qodef-e-image\">\n\t<img loading=\"lazy\" decoding=\"async\" width=\"696\" height=\"634\" src=\"https:\/\/alcea-avocats.fr\/wp-content\/uploads\/2026\/01\/test6.png\" class=\"attachment-full size-full\" alt=\"\" srcset=\"https:\/\/alcea-avocats.fr\/wp-content\/uploads\/2026\/01\/test6.png 696w, https:\/\/alcea-avocats.fr\/wp-content\/uploads\/2026\/01\/test6-300x273.png 300w\" sizes=\"(max-width: 696px) 100vw, 696px\" \/><\/div>\n\t\t<\/div>\n\t\t<div class=\"qodef-e-content-holder\">\n\t\t\t\t\t\t\t<h4 class=\"qodef-e-title\">\n\t\tMaintenir une action constante\t\t<\/h4>\n\t\t\t\t\t<p class=\"qodef-e-text\">\n\t\tComme vous, nous n\u2019aimons pas les dossiers qui s\u2019enlisent. Notre conviction : l\u2019efficacit\u00e9 na\u00eet du mouvement et ce n\u2019est pas la sp\u00e9cialit\u00e9 des tribunaux\u2026 Nous veillons \u00e0 une action continue sur chaque dossier, en lien avec tous les intervenants, pour faire avancer les solutions sans rel\u00e2che.\t<\/p>\n\t\t\t<\/div>\n\t<\/div>\n<\/div>\n<div class=\"qodef-e qodef-e-item elementor-repeater-item-49041d8 qodef-obverse\">\n\t<div class=\"qodef-e-line-holder\">\n\t\t<span class=\"qodef-e-line\"><\/span>\n\t<\/div>\n\t<div class=\"qodef-e-item-inner\">\n\t\t<div class=\"qodef-e-point-holder\">\n\t\t\t<div class=\"qodef-e-point\">\n\t\t\t\t\t\t\t<\/div>\n\t\t<\/div>\n\t\t<div class=\"qodef-e-side-holder\">\n\t\t\t<div class=\"qodef-e-image\">\n\t<img loading=\"lazy\" decoding=\"async\" width=\"696\" height=\"634\" src=\"https:\/\/alcea-avocats.fr\/wp-content\/uploads\/2026\/01\/test12.png\" class=\"attachment-full size-full\" alt=\"\" srcset=\"https:\/\/alcea-avocats.fr\/wp-content\/uploads\/2026\/01\/test12.png 696w, https:\/\/alcea-avocats.fr\/wp-content\/uploads\/2026\/01\/test12-300x273.png 300w\" sizes=\"(max-width: 696px) 100vw, 696px\" \/><\/div>\n\t\t<\/div>\n\t\t<div class=\"qodef-e-content-holder\">\n\t\t\t\t\t\t\t<h4 class=\"qodef-e-title\">\n\t\tVous pr\u00e9parer aux challenges\t\t<\/h4>\n\t\t\t\t\t<p class=\"qodef-e-text\">\n\t\tAvant les r\u00e9unions, avant les audiences, nous prenons le temps d\u2019\u00e9changer, de clarifier, d\u2019ajuster toujours avec vous. Nous anticipons ensemble chaque \u00e9tape de votre suivi car nous savons que traverser une proc\u00e9dure n\u2019est pas une \u00e9vidence pour vous. Ainsi, le moment venu, vous \u00eates pr\u00eat.\t<\/p>\n\t\t\t<\/div>\n\t<\/div>\n<\/div>\n<div class=\"qodef-e qodef-e-item elementor-repeater-item-8b1600b qodef-reverse\">\n\t<div class=\"qodef-e-line-holder\">\n\t\t<span class=\"qodef-e-line\"><\/span>\n\t<\/div>\n\t<div class=\"qodef-e-item-inner\">\n\t\t<div class=\"qodef-e-point-holder\">\n\t\t\t<div class=\"qodef-e-point\">\n\t\t\t\t\t\t\t<\/div>\n\t\t<\/div>\n\t\t<div class=\"qodef-e-side-holder\">\n\t\t\t<div class=\"qodef-e-image\">\n\t<img loading=\"lazy\" decoding=\"async\" width=\"696\" height=\"634\" src=\"https:\/\/alcea-avocats.fr\/wp-content\/uploads\/2026\/01\/test14.png\" class=\"attachment-full size-full\" alt=\"\" srcset=\"https:\/\/alcea-avocats.fr\/wp-content\/uploads\/2026\/01\/test14.png 696w, https:\/\/alcea-avocats.fr\/wp-content\/uploads\/2026\/01\/test14-300x273.png 300w\" sizes=\"(max-width: 696px) 100vw, 696px\" \/><\/div>\n\t\t<\/div>\n\t\t<div class=\"qodef-e-content-holder\">\n\t\t\t\t\t\t\t<h4 class=\"qodef-e-title\">\n\t\tVous tenir inform\u00e9\t\t<\/h4>\n\t\t\t\t\t<p class=\"qodef-e-text\">\n\t\tNous refusons que vous soyez inquiets. Nous vous informons de chaque \u00e9volution, chaque action men\u00e9e, chaque \u00e9ch\u00e9ance \u00e0 venir. C\u2019est une priorit\u00e9 que vous disposiez d\u2019une vision claire et actualis\u00e9e de chaque \u00e9tape.\t<\/p>\n\t\t\t<\/div>\n\t<\/div>\n<\/div>\n<div class=\"qodef-e qodef-e-item elementor-repeater-item-dc1c604 qodef-obverse\">\n\t<div class=\"qodef-e-line-holder\">\n\t\t<span class=\"qodef-e-line\"><\/span>\n\t<\/div>\n\t<div class=\"qodef-e-item-inner\">\n\t\t<div class=\"qodef-e-point-holder\">\n\t\t\t<div class=\"qodef-e-point\">\n\t\t\t\t\t\t\t<\/div>\n\t\t<\/div>\n\t\t<div class=\"qodef-e-side-holder\">\n\t\t\t<div class=\"qodef-e-image\">\n\t<img loading=\"lazy\" decoding=\"async\" width=\"571\" height=\"361\" src=\"https:\/\/alcea-avocats.fr\/wp-content\/uploads\/2026\/01\/Sans-titre-2.png\" class=\"attachment-full size-full\" alt=\"\" srcset=\"https:\/\/alcea-avocats.fr\/wp-content\/uploads\/2026\/01\/Sans-titre-2.png 571w, https:\/\/alcea-avocats.fr\/wp-content\/uploads\/2026\/01\/Sans-titre-2-300x190.png 300w\" sizes=\"(max-width: 571px) 100vw, 571px\" \/><\/div>\n\t\t<\/div>\n\t\t<div class=\"qodef-e-content-holder\">\n\t\t\t\t\t\t\t<h4 class=\"qodef-e-title\">\n\t\tCommencer par la transparence \t\t<\/h4>\n\t\t\t\t\t<p class=\"qodef-e-text\">\n\t\tMission, honoraires, modalit\u00e9s de paiement : tout est pos\u00e9 clairement au premier RDV et une convention de mission compl\u00e8te vous est propos\u00e9e en quelques jours\t<\/p>\n\t\t\t<\/div>\n\t<\/div>\n<\/div>\n<div class=\"qodef-e qodef-e-item elementor-repeater-item-9c98aca qodef-reverse\">\n\t<div class=\"qodef-e-line-holder\">\n\t\t<span class=\"qodef-e-line\"><\/span>\n\t<\/div>\n\t<div class=\"qodef-e-item-inner\">\n\t\t<div class=\"qodef-e-point-holder\">\n\t\t\t<div class=\"qodef-e-point\">\n\t\t\t\t\t\t\t<\/div>\n\t\t<\/div>\n\t\t<div class=\"qodef-e-side-holder\">\n\t\t\t<div class=\"qodef-e-image\">\n\t<img loading=\"lazy\" decoding=\"async\" width=\"696\" height=\"634\" src=\"https:\/\/alcea-avocats.fr\/wp-content\/uploads\/2026\/01\/test3.png\" class=\"attachment-full size-full\" alt=\"\" srcset=\"https:\/\/alcea-avocats.fr\/wp-content\/uploads\/2026\/01\/test3.png 696w, https:\/\/alcea-avocats.fr\/wp-content\/uploads\/2026\/01\/test3-300x273.png 300w\" sizes=\"(max-width: 696px) 100vw, 696px\" \/><\/div>\n\t\t<\/div>\n\t\t<div class=\"qodef-e-content-holder\">\n\t\t\t\t\t\t\t<h4 class=\"qodef-e-title\">\n\t\tVous rester pr\u00e9sent\t\t<\/h4>\n\t\t\t\t\t<p class=\"qodef-e-text\">\n\t\tPour garantir un suivi rigoureux et une\nr\u00e9activit\u00e9 constante, un avocat et un\nassistant d\u00e9di\u00e9 forment un bin\u00f4me au\nservice du client. Vous n\u2019\u00eates jamais sans\ninterlocuteur.\t<\/p>\n\t\t\t<\/div>\n\t<\/div>\n<\/div>\n<\/div>\n\t\t\t\t<\/div>\n\t\t\t\t<\/div>\n\t\t\t\t\t<\/div>\n\t\t\t\t<\/div>\n\t\t<div class=\"elementor-element elementor-element-2d5e9ced bg-bleed e-con-full e-flex qodef-elementor-content-no e-con e-parent\" data-id=\"2d5e9ced\" data-element_type=\"container\" data-settings=\"{&quot;background_background&quot;:&quot;classic&quot;}\">\n\t\t<div class=\"elementor-element elementor-element-7688e67a e-con-full e-grid bg-bleed__inner qodef-elementor-content-no e-con e-child\" data-id=\"7688e67a\" data-element_type=\"container\">\n\t\t\t\t<div class=\"elementor-element elementor-element-3bf66ce4 elementor-position-top elementor-widget elementor-widget-image-box\" data-id=\"3bf66ce4\" data-element_type=\"widget\" data-widget_type=\"image-box.default\">\n\t\t\t\t\t<div class=\"elementor-image-box-wrapper\"><figure class=\"elementor-image-box-img\"><img loading=\"lazy\" decoding=\"async\" width=\"2560\" height=\"2208\" src=\"https:\/\/alcea-avocats.fr\/wp-content\/uploads\/2026\/01\/logo_alcea_v2-1-scaled.png\" class=\"attachment-full size-full wp-image-6391\" alt=\"\" srcset=\"https:\/\/alcea-avocats.fr\/wp-content\/uploads\/2026\/01\/logo_alcea_v2-1-scaled.png 2560w, https:\/\/alcea-avocats.fr\/wp-content\/uploads\/2026\/01\/logo_alcea_v2-1-300x259.png 300w, https:\/\/alcea-avocats.fr\/wp-content\/uploads\/2026\/01\/logo_alcea_v2-1-1024x883.png 1024w, https:\/\/alcea-avocats.fr\/wp-content\/uploads\/2026\/01\/logo_alcea_v2-1-768x662.png 768w, https:\/\/alcea-avocats.fr\/wp-content\/uploads\/2026\/01\/logo_alcea_v2-1-1536x1325.png 1536w, https:\/\/alcea-avocats.fr\/wp-content\/uploads\/2026\/01\/logo_alcea_v2-1-2048x1767.png 2048w\" sizes=\"(max-width: 2560px) 100vw, 2560px\" \/><\/figure><\/div>\t\t\t\t<\/div>\n\t\t<div class=\"elementor-element elementor-element-4f9897b0 e-con-full e-flex qodef-elementor-content-no e-con e-child\" data-id=\"4f9897b0\" data-element_type=\"container\">\n\t\t\t\t<div class=\"elementor-element elementor-element-69878e2e elementor-widget elementor-widget-heading\" data-id=\"69878e2e\" data-element_type=\"widget\" data-widget_type=\"heading.default\">\n\t\t\t\t\t<h6 class=\"elementor-heading-title elementor-size-default\">Plan du site<\/h6>\t\t\t\t<\/div>\n\t\t\t\t<div class=\"elementor-element elementor-element-35719a37 elementor-nav-menu--dropdown-none elementor-widget elementor-widget-nav-menu\" data-id=\"35719a37\" data-element_type=\"widget\" data-settings=\"{&quot;layout&quot;:&quot;vertical&quot;,&quot;submenu_icon&quot;:{&quot;value&quot;:&quot;&lt;i aria-hidden=\\&quot;true\\&quot; class=\\&quot;\\&quot;&gt;&lt;\\\/i&gt;&quot;,&quot;library&quot;:&quot;&quot;}}\" data-widget_type=\"nav-menu.default\">\n\t\t\t\t\t\t\t\t<nav aria-label=\"Menu\" class=\"elementor-nav-menu--main elementor-nav-menu__container elementor-nav-menu--layout-vertical e--pointer-none\">\n\t\t\t\t<ul id=\"menu-1-35719a37\" class=\"elementor-nav-menu sm-vertical\"><li class=\"menu-item menu-item-type-custom menu-item-object-custom menu-item-home menu-item-11\"><a href=\"https:\/\/alcea-avocats.fr\" title=\"home\" class=\"elementor-item\">Bonjour !<\/a><\/li>\n<li class=\"menu-item menu-item-type-post_type menu-item-object-page menu-item-7174\"><a href=\"https:\/\/alcea-avocats.fr\/index.php\/vous\/\" class=\"elementor-item\">Vous<\/a><\/li>\n<li class=\"menu-item menu-item-type-post_type menu-item-object-page menu-item-6307\"><a href=\"https:\/\/alcea-avocats.fr\/index.php\/ensemble\/\" class=\"elementor-item\">Ensemble<\/a><\/li>\n<li class=\"menu-item menu-item-type-post_type menu-item-object-page menu-item-6308\"><a href=\"https:\/\/alcea-avocats.fr\/index.php\/our-team\/\" class=\"elementor-item\">Nous<\/a><\/li>\n<li class=\"menu-item menu-item-type-post_type menu-item-object-page menu-item-6450\"><a href=\"https:\/\/alcea-avocats.fr\/index.php\/contact\/\" class=\"elementor-item\">Rencontrons-nous<\/a><\/li>\n<\/ul>\t\t\t<\/nav>\n\t\t\t\t\t\t<nav class=\"elementor-nav-menu--dropdown elementor-nav-menu__container\" aria-hidden=\"true\">\n\t\t\t\t<ul id=\"menu-2-35719a37\" class=\"elementor-nav-menu sm-vertical\"><li class=\"menu-item menu-item-type-custom menu-item-object-custom menu-item-home menu-item-11\"><a href=\"https:\/\/alcea-avocats.fr\" title=\"home\" class=\"elementor-item\" tabindex=\"-1\">Bonjour !<\/a><\/li>\n<li class=\"menu-item menu-item-type-post_type menu-item-object-page menu-item-7174\"><a href=\"https:\/\/alcea-avocats.fr\/index.php\/vous\/\" class=\"elementor-item\" tabindex=\"-1\">Vous<\/a><\/li>\n<li class=\"menu-item menu-item-type-post_type menu-item-object-page menu-item-6307\"><a href=\"https:\/\/alcea-avocats.fr\/index.php\/ensemble\/\" class=\"elementor-item\" tabindex=\"-1\">Ensemble<\/a><\/li>\n<li class=\"menu-item menu-item-type-post_type menu-item-object-page menu-item-6308\"><a href=\"https:\/\/alcea-avocats.fr\/index.php\/our-team\/\" class=\"elementor-item\" tabindex=\"-1\">Nous<\/a><\/li>\n<li class=\"menu-item menu-item-type-post_type menu-item-object-page menu-item-6450\"><a href=\"https:\/\/alcea-avocats.fr\/index.php\/contact\/\" class=\"elementor-item\" tabindex=\"-1\">Rencontrons-nous<\/a><\/li>\n<\/ul>\t\t\t<\/nav>\n\t\t\t\t\t\t<\/div>\n\t\t\t\t<\/div>\n\t\t<div class=\"elementor-element elementor-element-fa5dc58 e-con-full e-flex qodef-elementor-content-no e-con e-child\" data-id=\"fa5dc58\" data-element_type=\"container\">\n\t\t\t\t<div class=\"elementor-element elementor-element-5b36fd65 elementor-widget elementor-widget-heading\" data-id=\"5b36fd65\" data-element_type=\"widget\" data-widget_type=\"heading.default\">\n\t\t\t\t\t<h6 class=\"elementor-heading-title elementor-size-default\">Suivez-nous sur les r\u00e9seaux sociaux!<\/h6>\t\t\t\t<\/div>\n\t\t\t\t<div class=\"elementor-element elementor-element-56ac8c7b e-grid-align-left elementor-shape-rounded elementor-grid-0 elementor-widget elementor-widget-social-icons\" data-id=\"56ac8c7b\" data-element_type=\"widget\" data-widget_type=\"social-icons.default\">\n\t\t\t\t\t\t\t<div class=\"elementor-social-icons-wrapper elementor-grid\" role=\"list\">\n\t\t\t\t\t\t\t<span class=\"elementor-grid-item\" role=\"listitem\">\n\t\t\t\t\t<a class=\"elementor-icon elementor-social-icon elementor-social-icon-instagram elementor-repeater-item-828f132\" href=\"https:\/\/www.instagram.com\/alcea_avocats\/\" target=\"_blank\">\n\t\t\t\t\t\t<span class=\"elementor-screen-only\">Instagram<\/span>\n\t\t\t\t\t\t<svg aria-hidden=\"true\" class=\"e-font-icon-svg e-fab-instagram\" viewBox=\"0 0 448 512\" xmlns=\"http:\/\/www.w3.org\/2000\/svg\"><path d=\"M224.1 141c-63.6 0-114.9 51.3-114.9 114.9s51.3 114.9 114.9 114.9S339 319.5 339 255.9 287.7 141 224.1 141zm0 189.6c-41.1 0-74.7-33.5-74.7-74.7s33.5-74.7 74.7-74.7 74.7 33.5 74.7 74.7-33.6 74.7-74.7 74.7zm146.4-194.3c0 14.9-12 26.8-26.8 26.8-14.9 0-26.8-12-26.8-26.8s12-26.8 26.8-26.8 26.8 12 26.8 26.8zm76.1 27.2c-1.7-35.9-9.9-67.7-36.2-93.9-26.2-26.2-58-34.4-93.9-36.2-37-2.1-147.9-2.1-184.9 0-35.8 1.7-67.6 9.9-93.9 36.1s-34.4 58-36.2 93.9c-2.1 37-2.1 147.9 0 184.9 1.7 35.9 9.9 67.7 36.2 93.9s58 34.4 93.9 36.2c37 2.1 147.9 2.1 184.9 0 35.9-1.7 67.7-9.9 93.9-36.2 26.2-26.2 34.4-58 36.2-93.9 2.1-37 2.1-147.8 0-184.8zM398.8 388c-7.8 19.6-22.9 34.7-42.6 42.6-29.5 11.7-99.5 9-132.1 9s-102.7 2.6-132.1-9c-19.6-7.8-34.7-22.9-42.6-42.6-11.7-29.5-9-99.5-9-132.1s-2.6-102.7 9-132.1c7.8-19.6 22.9-34.7 42.6-42.6 29.5-11.7 99.5-9 132.1-9s102.7-2.6 132.1 9c19.6 7.8 34.7 22.9 42.6 42.6 11.7 29.5 9 99.5 9 132.1s2.7 102.7-9 132.1z\"><\/path><\/svg>\t\t\t\t\t<\/a>\n\t\t\t\t<\/span>\n\t\t\t\t\t\t\t<span class=\"elementor-grid-item\" role=\"listitem\">\n\t\t\t\t\t<a class=\"elementor-icon elementor-social-icon elementor-social-icon-linkedin elementor-repeater-item-5c0ce3c\" href=\"https:\/\/www.linkedin.com\/company\/alcea-avocats-lemans\/\" target=\"_blank\">\n\t\t\t\t\t\t<span class=\"elementor-screen-only\">Linkedin<\/span>\n\t\t\t\t\t\t<svg aria-hidden=\"true\" class=\"e-font-icon-svg e-fab-linkedin\" viewBox=\"0 0 448 512\" xmlns=\"http:\/\/www.w3.org\/2000\/svg\"><path d=\"M416 32H31.9C14.3 32 0 46.5 0 64.3v383.4C0 465.5 14.3 480 31.9 480H416c17.6 0 32-14.5 32-32.3V64.3c0-17.8-14.4-32.3-32-32.3zM135.4 416H69V202.2h66.5V416zm-33.2-243c-21.3 0-38.5-17.3-38.5-38.5S80.9 96 102.2 96c21.2 0 38.5 17.3 38.5 38.5 0 21.3-17.2 38.5-38.5 38.5zm282.1 243h-66.4V312c0-24.8-.5-56.7-34.5-56.7-34.6 0-39.9 27-39.9 54.9V416h-66.4V202.2h63.7v29.2h.9c8.9-16.8 30.6-34.5 62.9-34.5 67.2 0 79.7 44.3 79.7 101.9V416z\"><\/path><\/svg>\t\t\t\t\t<\/a>\n\t\t\t\t<\/span>\n\t\t\t\t\t\t\t<span class=\"elementor-grid-item\" role=\"listitem\">\n\t\t\t\t\t<a class=\"elementor-icon elementor-social-icon elementor-social-icon-facebook-f elementor-repeater-item-3f1b7ac\" href=\"https:\/\/www.facebook.com\/ALCavocats\" target=\"_blank\">\n\t\t\t\t\t\t<span class=\"elementor-screen-only\">Facebook-f<\/span>\n\t\t\t\t\t\t<svg aria-hidden=\"true\" class=\"e-font-icon-svg e-fab-facebook-f\" viewBox=\"0 0 320 512\" xmlns=\"http:\/\/www.w3.org\/2000\/svg\"><path d=\"M279.14 288l14.22-92.66h-88.91v-60.13c0-25.35 12.42-50.06 52.24-50.06h40.42V6.26S260.43 0 225.36 0c-73.22 0-121.08 44.38-121.08 124.72v70.62H22.89V288h81.39v224h100.17V288z\"><\/path><\/svg>\t\t\t\t\t<\/a>\n\t\t\t\t<\/span>\n\t\t\t\t\t<\/div>\n\t\t\t\t\t\t<\/div>\n\t\t\t\t<div class=\"elementor-element elementor-element-2f52766e elementor-widget elementor-widget-button\" data-id=\"2f52766e\" data-element_type=\"widget\" data-widget_type=\"button.default\">\n\t\t\t\t\t\t\t\t\t\t<a class=\"elementor-button elementor-button-link elementor-size-sm\" href=\"https:\/\/alcea-avocats.fr\/index.php\/contact\/\">\n\t\t\t\t\t\t<span class=\"elementor-button-content-wrapper\">\n\t\t\t\t\t\t\t\t\t<span class=\"elementor-button-text\">Rencontrons-nous<\/span>\n\t\t\t\t\t<\/span>\n\t\t\t\t\t<\/a>\n\t\t\t\t\t\t\t\t<\/div>\n\t\t\t\t<div class=\"elementor-element elementor-element-10809fe elementor-widget elementor-widget-heading\" data-id=\"10809fe\" data-element_type=\"widget\" data-widget_type=\"heading.default\">\n\t\t\t\t\t<h6 class=\"elementor-heading-title elementor-size-default\"><a href=\"https:\/\/alcea-avocats.fr\/index.php\/mentions-legales\/\">Mentions l\u00e9gales<\/a><\/h6>\t\t\t\t<\/div>\n\t\t\t\t<\/div>\n\t\t\t\t<\/div>\n\t\t\t\t<\/div>\n\t\t\t\t<\/div>\n\t\t","protected":false},"excerpt":{"rendered":"<p>Prendre le temps de vous \u00e9couter Nous prenons le temps de vous rencontrer. Nous ne croyons pas aux premiers conseils par t\u00e9l\u00e9phone ou par mail. Chaque consultation dure une heure, exclusivement consacr\u00e9e \u00e0 votre situation. L\u2019\u00e9coute sera la premi\u00e8re pierre de notre accompagnement de confiance Pr\u00e9f\u00e9rer l\u2019amiable au judiciaire Un conflit bien r\u00e9solu n\u2019a pas [&hellip;]<\/p>\n","protected":false},"author":1,"featured_media":0,"parent":0,"menu_order":0,"comment_status":"closed","ping_status":"closed","template":"","meta":{"footnotes":""},"class_list":["post-6298","page","type-page","status-publish","hentry"],"_links":{"self":[{"href":"https:\/\/alcea-avocats.fr\/index.php\/wp-json\/wp\/v2\/pages\/6298","targetHints":{"allow":["GET"]}}],"collection":[{"href":"https:\/\/alcea-avocats.fr\/index.php\/wp-json\/wp\/v2\/pages"}],"about":[{"href":"https:\/\/alcea-avocats.fr\/index.php\/wp-json\/wp\/v2\/types\/page"}],"author":[{"embeddable":true,"href":"https:\/\/alcea-avocats.fr\/index.php\/wp-json\/wp\/v2\/users\/1"}],"replies":[{"embeddable":true,"href":"https:\/\/alcea-avocats.fr\/index.php\/wp-json\/wp\/v2\/comments?post=6298"}],"version-history":[{"count":56,"href":"https:\/\/alcea-avocats.fr\/index.php\/wp-json\/wp\/v2\/pages\/6298\/revisions"}],"predecessor-version":[{"id":7269,"href":"https:\/\/alcea-avocats.fr\/index.php\/wp-json\/wp\/v2\/pages\/6298\/revisions\/7269"}],"wp:attachment":[{"href":"https:\/\/alcea-avocats.fr\/index.php\/wp-json\/wp\/v2\/media?parent=6298"}],"curies":[{"name":"wp","href":"https:\/\/api.w.org\/{rel}","templated":true}]}}