{"id":6659,"date":"2026-01-08T08:51:22","date_gmt":"2026-01-08T08:51:22","guid":{"rendered":"https:\/\/mbfvmza.cluster100.hosting.ovh.net\/?page_id=6659"},"modified":"2026-01-14T08:58:52","modified_gmt":"2026-01-14T08:58:52","slug":"camille-pinzauti-lledo","status":"publish","type":"page","link":"https:\/\/alcea-avocats.fr\/index.php\/camille-pinzauti-lledo\/","title":{"rendered":"Camille Pinzauti Lledo"},"content":{"rendered":"\t\t<div data-elementor-type=\"wp-page\" data-elementor-id=\"6659\" class=\"elementor elementor-6659\" data-elementor-post-type=\"page\">\n\t\t\t\t\t\t<section class=\"elementor-section elementor-top-section elementor-element elementor-element-2cc73266 elementor-section-full_width elementor-section-height-default elementor-section-height-default qodef-elementor-content-no\" data-id=\"2cc73266\" data-element_type=\"section\">\n\t\t\t\t\t\t<div class=\"elementor-container elementor-column-gap-default\">\n\t\t\t\t\t<div class=\"elementor-column elementor-col-50 elementor-top-column elementor-element elementor-element-1cef25ee\" data-id=\"1cef25ee\" data-element_type=\"column\" data-settings=\"{&quot;background_background&quot;:&quot;classic&quot;}\">\n\t\t\t<div class=\"elementor-widget-wrap\">\n\t\t\t\t\t\t\t<\/div>\n\t\t<\/div>\n\t\t\t\t<div class=\"elementor-column elementor-col-50 elementor-top-column elementor-element elementor-element-111f4c08\" data-id=\"111f4c08\" data-element_type=\"column\">\n\t\t\t<div class=\"elementor-widget-wrap elementor-element-populated\">\n\t\t\t\t\t\t<div class=\"elementor-element elementor-element-2a50250b elementor-widget elementor-widget-emeline_core_section_title\" data-id=\"2a50250b\" data-element_type=\"widget\" data-widget_type=\"emeline_core_section_title.default\">\n\t\t\t\t<div class=\"elementor-widget-container\">\n\t\t\t\t\t<div class=\"qodef-shortcode qodef-m qodef-section-title qodef-alignment--left separator--wave-flipped qodef-appear-animation--enabled\">\n\t\t\t<h1 class=\"qodef-m-title\" >\n\t\t\t\t\t<span class=\"qodef-m-title-holder\" >Camille Pinzauti Lledo<\/span>\n\t\t\t\t\t\t\t<span class=\"qodef-m-dashed-line\">\n\t\t\t\t<svg  xmlns=\"http:\/\/www.w3.org\/2000\/svg\" xmlns:xlink=\"http:\/\/www.w3.org\/1999\/xlink\" x=\"0px\" y=\"0px\" viewBox=\"0 0 96.4 28.3\" ><path class=\"st0\" d=\"M1.7,10.5c0,0,1,1.7,3.4,3.6\"\/><path class=\"st1\" d=\"M9.2,16.5c7.3,3.2,20.8,4.3,43.9-8c0,0,17.6-6.6,35.5,3.5\"\/><path class=\"st0\" d=\"M90.6,13.2c1.4,0.9,2.7,1.8,4.1,2.9\"\/><\/svg>\t\t\t<\/span>\n\t\t\t<\/h1>\n\t<\/div>\n\t\t\t\t<\/div>\n\t\t\t\t<\/div>\n\t\t\t\t<div class=\"elementor-element elementor-element-676ab04c elementor-widget elementor-widget-text-editor\" data-id=\"676ab04c\" data-element_type=\"widget\" data-widget_type=\"text-editor.default\">\n\t\t\t\t\t\t\t\t\t<p>AVOCATE COLLABORATRICE<\/p>\t\t\t\t\t\t\t\t<\/div>\n\t\t\t\t<div class=\"elementor-element elementor-element-28e9e7ef elementor-widget elementor-widget-text-editor\" data-id=\"28e9e7ef\" data-element_type=\"widget\" data-widget_type=\"text-editor.default\">\n\t\t\t\t\t\t\t\t\t<h3><span style=\"text-decoration: underline;\"><a href=\"https:\/\/alcea-avocats.fr\/index.php\/vous\/\">Lire mes histoires clients<\/a><\/span><\/h3>\t\t\t\t\t\t\t\t<\/div>\n\t\t\t\t<div class=\"elementor-element elementor-element-5c917f15 elementor-widget elementor-widget-text-editor\" data-id=\"5c917f15\" data-element_type=\"widget\" data-widget_type=\"text-editor.default\">\n\t\t\t\t\t\t\t\t\t<h3>\u00ab\u00a0J\u2019adore la dimension humaine et juridique de chaque histoire.\u00a0\u00bb<\/h3>\t\t\t\t\t\t\t\t<\/div>\n\t\t\t\t<div class=\"elementor-element elementor-element-6f8dff60 elementor-widget elementor-widget-text-editor\" data-id=\"6f8dff60\" data-element_type=\"widget\" data-widget_type=\"text-editor.default\">\n\t\t\t\t\t\t\t\t\t<p>C\u2019est ce que je retrouve en droit du dommage corporel, en droit p\u00e9nal victimes et en droit civil.<\/p><p>En fonction des donn\u00e9es, qui sont diff\u00e9rentes pour chaque client, j\u2019adapte ma posture, mon discours et la strat\u00e9gie.<\/p><p>Pour la r\u00e9paration des pr\u00e9judices, il y aussi pas mal de calculs math\u00e9matiques ce qui est assez stimulant !<\/p><p>Ce qui me motive chaque jour, c\u2019est de savoir que mes dossiers vont avancer gr\u00e2ce \u00e0 mes actions. J\u2019appr\u00e9cie rencontrer de nouvelles personnes qui me feront confiance.<\/p><p>C\u2019est une responsabilit\u00e9 ensuite de prendre soin de chaque nouvelle relation.<\/p>\t\t\t\t\t\t\t\t<\/div>\n\t\t\t\t<div class=\"elementor-element elementor-element-4aa538c elementor-widget elementor-widget-text-editor\" data-id=\"4aa538c\" data-element_type=\"widget\" data-widget_type=\"text-editor.default\">\n\t\t\t\t\t\t\t\t\t<h3>\u00ab\u00a0On peut rendre le droit accessible en associant \u00e9nergie, \u00e9coute et bienveillance.\u00a0\u00bb<\/h3>\t\t\t\t\t\t\t\t<\/div>\n\t\t\t\t<div class=\"elementor-element elementor-element-6a01b5e elementor-widget elementor-widget-text-editor\" data-id=\"6a01b5e\" data-element_type=\"widget\" data-widget_type=\"text-editor.default\">\n\t\t\t\t\t\t\t\t\t<p>Une chose essentielle pour moi \u00e0 transmettre au quotidien : \u00abVotre histoire compte\u00bb.<\/p><p>Mon engagement est d\u2019accompagner avec transparence, p\u00e9dagogie et constance.\u00a0<\/p><p>Le droit est une mati\u00e8re complexe mais j\u2019ai \u00e0 c\u0153ur d\u2019offrir, outre une analyse rigoureuse, des explications et des solutions claires, afin que chacun puisse comprendre et s\u2019approprier son dossier, prendre des d\u00e9cisions \u00e9clair\u00e9es et agir en toute confiance.<\/p>\t\t\t\t\t\t\t\t<\/div>\n\t\t\t\t<div class=\"elementor-element elementor-element-a10c2ab elementor-widget elementor-widget-text-editor\" data-id=\"a10c2ab\" data-element_type=\"widget\" data-widget_type=\"text-editor.default\">\n\t\t\t\t\t\t\t\t\t<h3>\u00ab\u00a0Ce dossier que je n\u2019oublierai jamais\u00a0?\u00a0\u00bb<\/h3>\t\t\t\t\t\t\t\t<\/div>\n\t\t\t\t<div class=\"elementor-element elementor-element-670ddf0 elementor-widget elementor-widget-text-editor\" data-id=\"670ddf0\" data-element_type=\"widget\" data-widget_type=\"text-editor.default\">\n\t\t\t\t\t\t\t\t\t<p>Cette femme victime de violences conjugales depuis plusieurs ann\u00e9es. L\u2019homme d\u00e9pose plainte contre elle ! Pour des violences qu\u2019il s\u2019\u00e9tait lui-m\u00eame inflig\u00e9 pour se justifier ! La situation est ubuesque. Ils sont, tous les deux, convoqu\u00e9s par le tribunal, chacun en tant que mis en cause et victime.<\/p><p>J\u2019ai \u00e9cout\u00e9, rassur\u00e9, accompagn\u00e9 cette femme d\u00e9truite. Convoqu\u00e9e elle-m\u00eame en tant qu\u2019auteur ! Elle n\u2019a pas \u00e9t\u00e9 jug\u00e9e coupable des violences sur son conjoint et j\u2019ai r\u00e9ussi \u00e0 obtenir la reconnaissance de son statut de victime. Je l\u2019ai ensuite assist\u00e9e dans les expertises m\u00e9dicales pour \u00e9valuer son pr\u00e9judice.<\/p><p>Ce dossier m\u2019a \u00e9motionnellement fortement impliqu\u00e9e mais j\u2019ai su garder les distances n\u00e9cessaires. Mon engagement est depuis encore plus fort aupr\u00e8s des victimes.<\/p>\t\t\t\t\t\t\t\t<\/div>\n\t\t\t\t<div class=\"elementor-element elementor-element-c9807af elementor-widget elementor-widget-text-editor\" data-id=\"c9807af\" data-element_type=\"widget\" data-widget_type=\"text-editor.default\">\n\t\t\t\t\t\t\t\t\t<h3>\u00ab Une anecdote sur moi \u00bb<\/h3>\t\t\t\t\t\t\t\t<\/div>\n\t\t\t\t<div class=\"elementor-element elementor-element-ef9c0b8 elementor-widget elementor-widget-text-editor\" data-id=\"ef9c0b8\" data-element_type=\"widget\" data-widget_type=\"text-editor.default\">\n\t\t\t\t\t\t\t\t\t<p>Je suis amatrice de sensations fortes et j\u2019ai eu la chance de pouvoir sauter \u00e0 l\u2019\u00e9lastique et en parachute. Prochaine \u00e9tape : le parapente !<\/p>\t\t\t\t\t\t\t\t<\/div>\n\t\t\t\t\t<\/div>\n\t\t<\/div>\n\t\t\t\t\t<\/div>\n\t\t<\/section>\n\t\t<div class=\"elementor-element elementor-element-1997b45 e-flex e-con-boxed qodef-elementor-content-no e-con e-parent\" data-id=\"1997b45\" data-element_type=\"container\" data-settings=\"{&quot;background_background&quot;:&quot;classic&quot;}\">\n\t\t\t\t\t<div class=\"e-con-inner\">\n\t\t<div class=\"elementor-element elementor-element-41e6dcb e-con-full e-flex qodef-elementor-content-no e-con e-child\" data-id=\"41e6dcb\" data-element_type=\"container\">\n\t\t<div class=\"elementor-element elementor-element-39f79ec e-con-full e-flex qodef-elementor-content-no e-con e-child\" data-id=\"39f79ec\" data-element_type=\"container\">\n\t\t\t\t<div class=\"elementor-element elementor-element-199fe95 elementor-widget elementor-widget-heading\" data-id=\"199fe95\" data-element_type=\"widget\" data-widget_type=\"heading.default\">\n\t\t\t\t\t<h5 class=\"elementor-heading-title elementor-size-default\">ENGAGEMENTS<\/h5>\t\t\t\t<\/div>\n\t\t\t\t<div class=\"elementor-element elementor-element-b6c11b4 elementor-widget elementor-widget-text-editor\" data-id=\"b6c11b4\" data-element_type=\"widget\" data-widget_type=\"text-editor.default\">\n\t\t\t\t\t\t\t\t\t<p>Membre fondateur de l\u2019association R\u00e9v\u2019Elles Ta Bo\u00eete, r\u00e9seau local d\u2019entrepreneures<br \/>Je participe au don du sang d\u00e8s que possible<\/p>\t\t\t\t\t\t\t\t<\/div>\n\t\t\t\t<div class=\"elementor-element elementor-element-42113fe elementor-widget elementor-widget-heading\" data-id=\"42113fe\" data-element_type=\"widget\" data-widget_type=\"heading.default\">\n\t\t\t\t\t<h5 class=\"elementor-heading-title elementor-size-default\">PARCOURS<\/h5>\t\t\t\t<\/div>\n\t\t\t\t<div class=\"elementor-element elementor-element-339b7fe elementor-widget elementor-widget-text-editor\" data-id=\"339b7fe\" data-element_type=\"widget\" data-widget_type=\"text-editor.default\">\n\t\t\t\t\t\t\t\t\t<p>Master Droit priv\u00e9 parcours contentieux \u2013 Le Mans Universit\u00e9<br \/>Ecole du Centre Ouest des Avocats &#8211; Poitiers<\/p>\t\t\t\t\t\t\t\t<\/div>\n\t\t\t\t<\/div>\n\t\t\t\t<\/div>\n\t\t<div class=\"elementor-element elementor-element-7a2b813 e-con-full e-flex qodef-elementor-content-no e-con e-child\" data-id=\"7a2b813\" data-element_type=\"container\">\n\t\t<div class=\"elementor-element elementor-element-95e28e5 e-con-full e-flex qodef-elementor-content-no e-con e-child\" data-id=\"95e28e5\" data-element_type=\"container\">\n\t\t\t\t<div class=\"elementor-element elementor-element-34bc269 elementor-widget elementor-widget-heading\" data-id=\"34bc269\" data-element_type=\"widget\" data-widget_type=\"heading.default\">\n\t\t\t\t\t<h5 class=\"elementor-heading-title elementor-size-default\">EXPERTISE<\/h5>\t\t\t\t<\/div>\n\t\t\t\t<div class=\"elementor-element elementor-element-3ae088c elementor-widget elementor-widget-text-editor\" data-id=\"3ae088c\" data-element_type=\"widget\" data-widget_type=\"text-editor.default\">\n\t\t\t\t\t\t\t\t\t<p>Droit du dommage corporel- R\u00e9paration des pr\u00e9judices<br \/>Droit immobilier<br \/>Droit civil g\u00e9n\u00e9ral et responsabilit\u00e9 contractuelle<br \/>Droit p\u00e9nal des victimes<\/p>\t\t\t\t\t\t\t\t<\/div>\n\t\t\t\t<\/div>\n\t\t\t\t<\/div>\n\t\t\t\t\t<\/div>\n\t\t\t\t<\/div>\n\t\t<div class=\"elementor-element elementor-element-6a86a663 bg-bleed e-flex e-con-boxed qodef-elementor-content-no e-con e-parent\" data-id=\"6a86a663\" data-element_type=\"container\" data-settings=\"{&quot;background_background&quot;:&quot;classic&quot;}\">\n\t\t\t\t\t<div class=\"e-con-inner\">\n\t\t<div class=\"elementor-element elementor-element-12fc28ab e-con-full e-grid bg-bleed__inner qodef-elementor-content-no e-con e-child\" data-id=\"12fc28ab\" data-element_type=\"container\">\n\t\t\t\t<div class=\"elementor-element elementor-element-110c3e16 elementor-position-top elementor-widget elementor-widget-image-box\" data-id=\"110c3e16\" data-element_type=\"widget\" data-widget_type=\"image-box.default\">\n\t\t\t\t\t<div class=\"elementor-image-box-wrapper\"><figure class=\"elementor-image-box-img\"><img fetchpriority=\"high\" decoding=\"async\" width=\"2560\" height=\"2208\" src=\"https:\/\/alcea-avocats.fr\/wp-content\/uploads\/2026\/01\/logo_alcea_v2-1-scaled.png\" class=\"attachment-full size-full wp-image-6391\" alt=\"\" srcset=\"https:\/\/alcea-avocats.fr\/wp-content\/uploads\/2026\/01\/logo_alcea_v2-1-scaled.png 2560w, https:\/\/alcea-avocats.fr\/wp-content\/uploads\/2026\/01\/logo_alcea_v2-1-300x259.png 300w, https:\/\/alcea-avocats.fr\/wp-content\/uploads\/2026\/01\/logo_alcea_v2-1-1024x883.png 1024w, https:\/\/alcea-avocats.fr\/wp-content\/uploads\/2026\/01\/logo_alcea_v2-1-768x662.png 768w, https:\/\/alcea-avocats.fr\/wp-content\/uploads\/2026\/01\/logo_alcea_v2-1-1536x1325.png 1536w, https:\/\/alcea-avocats.fr\/wp-content\/uploads\/2026\/01\/logo_alcea_v2-1-2048x1767.png 2048w\" sizes=\"(max-width: 2560px) 100vw, 2560px\" \/><\/figure><\/div>\t\t\t\t<\/div>\n\t\t<div class=\"elementor-element elementor-element-4aa2a5f6 e-con-full e-flex qodef-elementor-content-no e-con e-child\" data-id=\"4aa2a5f6\" data-element_type=\"container\">\n\t\t\t\t<div class=\"elementor-element elementor-element-70067836 elementor-widget elementor-widget-heading\" data-id=\"70067836\" data-element_type=\"widget\" data-widget_type=\"heading.default\">\n\t\t\t\t\t<h6 class=\"elementor-heading-title elementor-size-default\">Plan du site<\/h6>\t\t\t\t<\/div>\n\t\t\t\t<div class=\"elementor-element elementor-element-789fbdf elementor-nav-menu--dropdown-none elementor-widget elementor-widget-nav-menu\" data-id=\"789fbdf\" data-element_type=\"widget\" data-settings=\"{&quot;layout&quot;:&quot;vertical&quot;,&quot;submenu_icon&quot;:{&quot;value&quot;:&quot;&lt;i aria-hidden=\\&quot;true\\&quot; class=\\&quot;\\&quot;&gt;&lt;\\\/i&gt;&quot;,&quot;library&quot;:&quot;&quot;}}\" data-widget_type=\"nav-menu.default\">\n\t\t\t\t\t\t\t\t<nav aria-label=\"Menu\" class=\"elementor-nav-menu--main elementor-nav-menu__container elementor-nav-menu--layout-vertical e--pointer-none\">\n\t\t\t\t<ul id=\"menu-1-789fbdf\" class=\"elementor-nav-menu sm-vertical\"><li class=\"menu-item menu-item-type-custom menu-item-object-custom menu-item-home menu-item-11\"><a href=\"https:\/\/alcea-avocats.fr\" title=\"home\" class=\"elementor-item\">Bonjour !<\/a><\/li>\n<li class=\"menu-item menu-item-type-post_type menu-item-object-page menu-item-7174\"><a href=\"https:\/\/alcea-avocats.fr\/index.php\/vous\/\" class=\"elementor-item\">Vous<\/a><\/li>\n<li class=\"menu-item menu-item-type-post_type menu-item-object-page menu-item-6307\"><a href=\"https:\/\/alcea-avocats.fr\/index.php\/ensemble\/\" class=\"elementor-item\">Ensemble<\/a><\/li>\n<li class=\"menu-item menu-item-type-post_type menu-item-object-page menu-item-6308\"><a href=\"https:\/\/alcea-avocats.fr\/index.php\/our-team\/\" class=\"elementor-item\">Nous<\/a><\/li>\n<li class=\"menu-item menu-item-type-post_type menu-item-object-page menu-item-6450\"><a href=\"https:\/\/alcea-avocats.fr\/index.php\/contact\/\" class=\"elementor-item\">Rencontrons-nous<\/a><\/li>\n<\/ul>\t\t\t<\/nav>\n\t\t\t\t\t\t<nav class=\"elementor-nav-menu--dropdown elementor-nav-menu__container\" aria-hidden=\"true\">\n\t\t\t\t<ul id=\"menu-2-789fbdf\" class=\"elementor-nav-menu sm-vertical\"><li class=\"menu-item menu-item-type-custom menu-item-object-custom menu-item-home menu-item-11\"><a href=\"https:\/\/alcea-avocats.fr\" title=\"home\" class=\"elementor-item\" tabindex=\"-1\">Bonjour !<\/a><\/li>\n<li class=\"menu-item menu-item-type-post_type menu-item-object-page menu-item-7174\"><a href=\"https:\/\/alcea-avocats.fr\/index.php\/vous\/\" class=\"elementor-item\" tabindex=\"-1\">Vous<\/a><\/li>\n<li class=\"menu-item menu-item-type-post_type menu-item-object-page menu-item-6307\"><a href=\"https:\/\/alcea-avocats.fr\/index.php\/ensemble\/\" class=\"elementor-item\" tabindex=\"-1\">Ensemble<\/a><\/li>\n<li class=\"menu-item menu-item-type-post_type menu-item-object-page menu-item-6308\"><a href=\"https:\/\/alcea-avocats.fr\/index.php\/our-team\/\" class=\"elementor-item\" tabindex=\"-1\">Nous<\/a><\/li>\n<li class=\"menu-item menu-item-type-post_type menu-item-object-page menu-item-6450\"><a href=\"https:\/\/alcea-avocats.fr\/index.php\/contact\/\" class=\"elementor-item\" tabindex=\"-1\">Rencontrons-nous<\/a><\/li>\n<\/ul>\t\t\t<\/nav>\n\t\t\t\t\t\t<\/div>\n\t\t\t\t<\/div>\n\t\t<div class=\"elementor-element elementor-element-27ef853c e-con-full e-flex qodef-elementor-content-no e-con e-child\" data-id=\"27ef853c\" data-element_type=\"container\">\n\t\t\t\t<div class=\"elementor-element elementor-element-1e03ad6d elementor-widget elementor-widget-heading\" data-id=\"1e03ad6d\" data-element_type=\"widget\" data-widget_type=\"heading.default\">\n\t\t\t\t\t<h6 class=\"elementor-heading-title elementor-size-default\">Suivez-nous sur les r\u00e9seaux sociaux!<\/h6>\t\t\t\t<\/div>\n\t\t\t\t<div class=\"elementor-element elementor-element-94139d8 e-grid-align-left elementor-shape-rounded elementor-grid-0 elementor-widget elementor-widget-social-icons\" data-id=\"94139d8\" data-element_type=\"widget\" data-widget_type=\"social-icons.default\">\n\t\t\t\t\t\t\t<div class=\"elementor-social-icons-wrapper elementor-grid\" role=\"list\">\n\t\t\t\t\t\t\t<span class=\"elementor-grid-item\" role=\"listitem\">\n\t\t\t\t\t<a class=\"elementor-icon elementor-social-icon elementor-social-icon-instagram elementor-repeater-item-828f132\" href=\"https:\/\/www.instagram.com\/alcea_avocats\/\" target=\"_blank\">\n\t\t\t\t\t\t<span class=\"elementor-screen-only\">Instagram<\/span>\n\t\t\t\t\t\t<svg aria-hidden=\"true\" class=\"e-font-icon-svg e-fab-instagram\" viewBox=\"0 0 448 512\" xmlns=\"http:\/\/www.w3.org\/2000\/svg\"><path d=\"M224.1 141c-63.6 0-114.9 51.3-114.9 114.9s51.3 114.9 114.9 114.9S339 319.5 339 255.9 287.7 141 224.1 141zm0 189.6c-41.1 0-74.7-33.5-74.7-74.7s33.5-74.7 74.7-74.7 74.7 33.5 74.7 74.7-33.6 74.7-74.7 74.7zm146.4-194.3c0 14.9-12 26.8-26.8 26.8-14.9 0-26.8-12-26.8-26.8s12-26.8 26.8-26.8 26.8 12 26.8 26.8zm76.1 27.2c-1.7-35.9-9.9-67.7-36.2-93.9-26.2-26.2-58-34.4-93.9-36.2-37-2.1-147.9-2.1-184.9 0-35.8 1.7-67.6 9.9-93.9 36.1s-34.4 58-36.2 93.9c-2.1 37-2.1 147.9 0 184.9 1.7 35.9 9.9 67.7 36.2 93.9s58 34.4 93.9 36.2c37 2.1 147.9 2.1 184.9 0 35.9-1.7 67.7-9.9 93.9-36.2 26.2-26.2 34.4-58 36.2-93.9 2.1-37 2.1-147.8 0-184.8zM398.8 388c-7.8 19.6-22.9 34.7-42.6 42.6-29.5 11.7-99.5 9-132.1 9s-102.7 2.6-132.1-9c-19.6-7.8-34.7-22.9-42.6-42.6-11.7-29.5-9-99.5-9-132.1s-2.6-102.7 9-132.1c7.8-19.6 22.9-34.7 42.6-42.6 29.5-11.7 99.5-9 132.1-9s102.7-2.6 132.1 9c19.6 7.8 34.7 22.9 42.6 42.6 11.7 29.5 9 99.5 9 132.1s2.7 102.7-9 132.1z\"><\/path><\/svg>\t\t\t\t\t<\/a>\n\t\t\t\t<\/span>\n\t\t\t\t\t\t\t<span class=\"elementor-grid-item\" role=\"listitem\">\n\t\t\t\t\t<a class=\"elementor-icon elementor-social-icon elementor-social-icon-linkedin elementor-repeater-item-5c0ce3c\" href=\"https:\/\/www.linkedin.com\/company\/alcea-avocats-lemans\/\" target=\"_blank\">\n\t\t\t\t\t\t<span class=\"elementor-screen-only\">Linkedin<\/span>\n\t\t\t\t\t\t<svg aria-hidden=\"true\" class=\"e-font-icon-svg e-fab-linkedin\" viewBox=\"0 0 448 512\" xmlns=\"http:\/\/www.w3.org\/2000\/svg\"><path d=\"M416 32H31.9C14.3 32 0 46.5 0 64.3v383.4C0 465.5 14.3 480 31.9 480H416c17.6 0 32-14.5 32-32.3V64.3c0-17.8-14.4-32.3-32-32.3zM135.4 416H69V202.2h66.5V416zm-33.2-243c-21.3 0-38.5-17.3-38.5-38.5S80.9 96 102.2 96c21.2 0 38.5 17.3 38.5 38.5 0 21.3-17.2 38.5-38.5 38.5zm282.1 243h-66.4V312c0-24.8-.5-56.7-34.5-56.7-34.6 0-39.9 27-39.9 54.9V416h-66.4V202.2h63.7v29.2h.9c8.9-16.8 30.6-34.5 62.9-34.5 67.2 0 79.7 44.3 79.7 101.9V416z\"><\/path><\/svg>\t\t\t\t\t<\/a>\n\t\t\t\t<\/span>\n\t\t\t\t\t\t\t<span class=\"elementor-grid-item\" role=\"listitem\">\n\t\t\t\t\t<a class=\"elementor-icon elementor-social-icon elementor-social-icon-facebook-f elementor-repeater-item-3f1b7ac\" href=\"https:\/\/www.facebook.com\/ALCavocats\" target=\"_blank\">\n\t\t\t\t\t\t<span class=\"elementor-screen-only\">Facebook-f<\/span>\n\t\t\t\t\t\t<svg aria-hidden=\"true\" class=\"e-font-icon-svg e-fab-facebook-f\" viewBox=\"0 0 320 512\" xmlns=\"http:\/\/www.w3.org\/2000\/svg\"><path d=\"M279.14 288l14.22-92.66h-88.91v-60.13c0-25.35 12.42-50.06 52.24-50.06h40.42V6.26S260.43 0 225.36 0c-73.22 0-121.08 44.38-121.08 124.72v70.62H22.89V288h81.39v224h100.17V288z\"><\/path><\/svg>\t\t\t\t\t<\/a>\n\t\t\t\t<\/span>\n\t\t\t\t\t<\/div>\n\t\t\t\t\t\t<\/div>\n\t\t\t\t<div class=\"elementor-element elementor-element-5e6b3e20 elementor-widget elementor-widget-button\" data-id=\"5e6b3e20\" data-element_type=\"widget\" data-widget_type=\"button.default\">\n\t\t\t\t\t\t\t\t\t\t<a class=\"elementor-button elementor-button-link elementor-size-sm\" href=\"https:\/\/alcea-avocats.fr\/index.php\/contact\/\">\n\t\t\t\t\t\t<span class=\"elementor-button-content-wrapper\">\n\t\t\t\t\t\t\t\t\t<span class=\"elementor-button-text\">Rencontrons-nous<\/span>\n\t\t\t\t\t<\/span>\n\t\t\t\t\t<\/a>\n\t\t\t\t\t\t\t\t<\/div>\n\t\t\t\t<div class=\"elementor-element elementor-element-3864d611 elementor-widget elementor-widget-heading\" data-id=\"3864d611\" data-element_type=\"widget\" data-widget_type=\"heading.default\">\n\t\t\t\t\t<h6 class=\"elementor-heading-title elementor-size-default\"><a href=\"https:\/\/alcea-avocats.fr\/index.php\/mentions-legales\/\">Mentions l\u00e9gales<\/a><\/h6>\t\t\t\t<\/div>\n\t\t\t\t<\/div>\n\t\t\t\t<\/div>\n\t\t\t\t\t<\/div>\n\t\t\t\t<\/div>\n\t\t\t\t<\/div>\n\t\t","protected":false},"excerpt":{"rendered":"<p>Camille Pinzauti Lledo AVOCATE COLLABORATRICE Lire mes histoires clients \u00ab\u00a0J\u2019adore la dimension humaine et juridique de chaque histoire.\u00a0\u00bb C\u2019est ce que je retrouve en droit du dommage corporel, en droit p\u00e9nal victimes et en droit civil. En fonction des donn\u00e9es, qui sont diff\u00e9rentes pour chaque client, j\u2019adapte ma posture, mon discours et la strat\u00e9gie. Pour [&hellip;]<\/p>\n","protected":false},"author":1,"featured_media":0,"parent":0,"menu_order":0,"comment_status":"closed","ping_status":"closed","template":"page-full-width.php","meta":{"footnotes":""},"class_list":["post-6659","page","type-page","status-publish","hentry"],"_links":{"self":[{"href":"https:\/\/alcea-avocats.fr\/index.php\/wp-json\/wp\/v2\/pages\/6659","targetHints":{"allow":["GET"]}}],"collection":[{"href":"https:\/\/alcea-avocats.fr\/index.php\/wp-json\/wp\/v2\/pages"}],"about":[{"href":"https:\/\/alcea-avocats.fr\/index.php\/wp-json\/wp\/v2\/types\/page"}],"author":[{"embeddable":true,"href":"https:\/\/alcea-avocats.fr\/index.php\/wp-json\/wp\/v2\/users\/1"}],"replies":[{"embeddable":true,"href":"https:\/\/alcea-avocats.fr\/index.php\/wp-json\/wp\/v2\/comments?post=6659"}],"version-history":[{"count":46,"href":"https:\/\/alcea-avocats.fr\/index.php\/wp-json\/wp\/v2\/pages\/6659\/revisions"}],"predecessor-version":[{"id":7284,"href":"https:\/\/alcea-avocats.fr\/index.php\/wp-json\/wp\/v2\/pages\/6659\/revisions\/7284"}],"wp:attachment":[{"href":"https:\/\/alcea-avocats.fr\/index.php\/wp-json\/wp\/v2\/media?parent=6659"}],"curies":[{"name":"wp","href":"https:\/\/api.w.org\/{rel}","templated":true}]}}