{"id":6686,"date":"2026-01-08T09:21:39","date_gmt":"2026-01-08T09:21:39","guid":{"rendered":"https:\/\/mbfvmza.cluster100.hosting.ovh.net\/?page_id=6686"},"modified":"2026-01-14T09:01:45","modified_gmt":"2026-01-14T09:01:45","slug":"marius-gougeon","status":"publish","type":"page","link":"https:\/\/alcea-avocats.fr\/index.php\/marius-gougeon\/","title":{"rendered":"marius gougeon"},"content":{"rendered":"\t\t<div data-elementor-type=\"wp-page\" data-elementor-id=\"6686\" class=\"elementor elementor-6686\" data-elementor-post-type=\"page\">\n\t\t\t\t\t\t<section class=\"elementor-section elementor-top-section elementor-element elementor-element-2cc73266 elementor-section-full_width elementor-section-height-default elementor-section-height-default qodef-elementor-content-no\" data-id=\"2cc73266\" data-element_type=\"section\">\n\t\t\t\t\t\t<div class=\"elementor-container elementor-column-gap-default\">\n\t\t\t\t\t<div class=\"elementor-column elementor-col-50 elementor-top-column elementor-element elementor-element-1cef25ee\" data-id=\"1cef25ee\" data-element_type=\"column\" data-settings=\"{&quot;background_background&quot;:&quot;classic&quot;}\">\n\t\t\t<div class=\"elementor-widget-wrap\">\n\t\t\t\t\t\t\t<\/div>\n\t\t<\/div>\n\t\t\t\t<div class=\"elementor-column elementor-col-50 elementor-top-column elementor-element elementor-element-111f4c08\" data-id=\"111f4c08\" data-element_type=\"column\">\n\t\t\t<div class=\"elementor-widget-wrap elementor-element-populated\">\n\t\t\t\t\t\t<div class=\"elementor-element elementor-element-2a50250b elementor-widget elementor-widget-emeline_core_section_title\" data-id=\"2a50250b\" data-element_type=\"widget\" data-widget_type=\"emeline_core_section_title.default\">\n\t\t\t\t<div class=\"elementor-widget-container\">\n\t\t\t\t\t<div class=\"qodef-shortcode qodef-m qodef-section-title qodef-alignment--left separator--wave-flipped qodef-appear-animation--enabled\">\n\t\t\t<h1 class=\"qodef-m-title\" >\n\t\t\t\t\t<span class=\"qodef-m-title-holder\" >Marius Gougeon<\/span>\n\t\t\t\t\t\t\t<span class=\"qodef-m-dashed-line\">\n\t\t\t\t<svg  xmlns=\"http:\/\/www.w3.org\/2000\/svg\" xmlns:xlink=\"http:\/\/www.w3.org\/1999\/xlink\" x=\"0px\" y=\"0px\" viewBox=\"0 0 96.4 28.3\" ><path class=\"st0\" d=\"M1.7,10.5c0,0,1,1.7,3.4,3.6\"\/><path class=\"st1\" d=\"M9.2,16.5c7.3,3.2,20.8,4.3,43.9-8c0,0,17.6-6.6,35.5,3.5\"\/><path class=\"st0\" d=\"M90.6,13.2c1.4,0.9,2.7,1.8,4.1,2.9\"\/><\/svg>\t\t\t<\/span>\n\t\t\t<\/h1>\n\t<\/div>\n\t\t\t\t<\/div>\n\t\t\t\t<\/div>\n\t\t\t\t<div class=\"elementor-element elementor-element-676ab04c elementor-widget elementor-widget-text-editor\" data-id=\"676ab04c\" data-element_type=\"widget\" data-widget_type=\"text-editor.default\">\n\t\t\t\t\t\t\t\t\t<p>ASSISTANT JURIDIQUE<\/p>\t\t\t\t\t\t\t\t<\/div>\n\t\t\t\t<div class=\"elementor-element elementor-element-5c917f15 elementor-widget elementor-widget-text-editor\" data-id=\"5c917f15\" data-element_type=\"widget\" data-widget_type=\"text-editor.default\">\n\t\t\t\t\t\t\t\t\t<h3>\u00ab\u00a0Je fais ce m\u00e9tier car j\u2019ai la sinc\u00e8re impression d\u2019aider\u00a0\u00bb<\/h3>\t\t\t\t\t\t\t\t<\/div>\n\t\t\t\t<div class=\"elementor-element elementor-element-6f8dff60 elementor-widget elementor-widget-text-editor\" data-id=\"6f8dff60\" data-element_type=\"widget\" data-widget_type=\"text-editor.default\">\n\t\t\t\t\t\t\t\t\t<p>Je me sens utile chaque jour au cabinet. J\u2019appr\u00e9cie particuli\u00e8rement le droit de la famille car j\u2019adore les histoires de vie, et parce que cette mati\u00e8re est susceptible de toucher le plus grand nombre d\u2019entre nous un jour.<\/p><p>Ce qui me motive particuli\u00e8rement lorsque j\u2019accueille au t\u00e9l\u00e9phone par exemple, c\u2019est de r\u00e9pondre aux interrogations des clients et de les informer sur les moments de leurs proc\u00e9dures.<\/p>\t\t\t\t\t\t\t\t<\/div>\n\t\t\t\t<div class=\"elementor-element elementor-element-4aa538c elementor-widget elementor-widget-text-editor\" data-id=\"4aa538c\" data-element_type=\"widget\" data-widget_type=\"text-editor.default\">\n\t\t\t\t\t\t\t\t\t<h3>\u00ab\u00a0Chaque dossier est unique et m\u00e9rite d\u2019\u00eatre trait\u00e9 comme tel.\u00a0\u00bb<\/h3>\t\t\t\t\t\t\t\t<\/div>\n\t\t\t\t<div class=\"elementor-element elementor-element-6a01b5e elementor-widget elementor-widget-text-editor\" data-id=\"6a01b5e\" data-element_type=\"widget\" data-widget_type=\"text-editor.default\">\n\t\t\t\t\t\t\t\t\t<p>Prendre soin des clients nous demande d\u2019accorder du temps de qualit\u00e9 \u00e0 chacun ; Les meilleures solutions ne se trouvent pas dans l\u2019empressement, l\u2019urgence, la vitesse, mais dans le temps pris \u00e0 des r\u00e9actions justes.<\/p>\t\t\t\t\t\t\t\t<\/div>\n\t\t\t\t<div class=\"elementor-element elementor-element-a10c2ab elementor-widget elementor-widget-text-editor\" data-id=\"a10c2ab\" data-element_type=\"widget\" data-widget_type=\"text-editor.default\">\n\t\t\t\t\t\t\t\t\t<h3>\u00ab\u00a0Ce dossier que je n\u2019oublierai jamais\u00a0?\u00a0\u00bb<\/h3>\t\t\t\t\t\t\t\t<\/div>\n\t\t\t\t<div class=\"elementor-element elementor-element-670ddf0 elementor-widget elementor-widget-text-editor\" data-id=\"670ddf0\" data-element_type=\"widget\" data-widget_type=\"text-editor.default\">\n\t\t\t\t\t\t\t\t\t<p>Le premier contact t\u00e9l\u00e9phonique avec cette m\u00e8re et \u00e9pouse qui appelle pour un premier rendez-vous.<\/p><p>Elle m\u2019explique qu\u2019elle souhaite divorcer, qu\u2019elle a une toute petite fille, et qu\u2019elle vient de d\u00e9couvrir la seconde vie de son \u00e9poux, laquelle comporte des d\u00e9viances sexuelles.<\/p><p>Je pose toutes les questions utiles, et je fixe en urgence avec l\u2019avocat. Il est d\u00e9cid\u00e9 une saisine urgente du Juge aux affaires familiales ainsi que d\u2019un d\u00e9p\u00f4t de plainte.<\/p><p>Je prends le relais de l\u2019avocat qui r\u00e9dige, et je pr\u00e9pare tout le dossier de preuves, lequel comporte des documents difficiles. Il est p\u00e9nible d\u2019y faire face.<\/p><p>Je fais le lien entre la cliente et l\u2019avocate, je pr\u00e9pare le dossier en vue de la plaidoirie. J\u2019ai \u00e9t\u00e9 particuli\u00e8rement touch\u00e9 car c\u2019\u00e9tait ma premi\u00e8re fois face \u00e0 ce type d\u2019urgence, de conflit, et de gravit\u00e9.<\/p><p>Aujourd\u2019hui les mesures de protection ont \u00e9t\u00e9 mises en \u0153uvre, j\u2019ai assur\u00e9 leur suivi avec beaucoup de stress et d\u2019assiduit\u00e9 aux d\u00e9marches !<\/p>\t\t\t\t\t\t\t\t<\/div>\n\t\t\t\t<div class=\"elementor-element elementor-element-c9807af elementor-widget elementor-widget-text-editor\" data-id=\"c9807af\" data-element_type=\"widget\" data-widget_type=\"text-editor.default\">\n\t\t\t\t\t\t\t\t\t<h3>\u00ab Mon anecdote\u00a0?Je suis le clown de l\u2019\u00e9quipe. \u00bb<\/h3>\t\t\t\t\t\t\t\t<\/div>\n\t\t\t\t<div class=\"elementor-element elementor-element-ef9c0b8 elementor-widget elementor-widget-text-editor\" data-id=\"ef9c0b8\" data-element_type=\"widget\" data-widget_type=\"text-editor.default\">\n\t\t\t\t\t\t\t\t\t<p>Un jour, (mais c\u2019est quand j\u2019\u00e9tais fumeur), j\u2019ai mal \u00e9cras\u00e9 ma cigarette, et le feu a pris au cabinet\u2026 Mais pour le coup \u00e7a n\u2019a pas fait rire cette fois-ci..<\/p><p>Depuis, je suis non-fumeur, et aqua-sportif !<\/p>\t\t\t\t\t\t\t\t<\/div>\n\t\t\t\t\t<\/div>\n\t\t<\/div>\n\t\t\t\t\t<\/div>\n\t\t<\/section>\n\t\t<div class=\"elementor-element elementor-element-1997b45 e-flex e-con-boxed qodef-elementor-content-no e-con e-parent\" data-id=\"1997b45\" data-element_type=\"container\" data-settings=\"{&quot;background_background&quot;:&quot;classic&quot;}\">\n\t\t\t\t\t<div class=\"e-con-inner\">\n\t\t<div class=\"elementor-element elementor-element-41e6dcb e-con-full e-flex qodef-elementor-content-no e-con e-child\" data-id=\"41e6dcb\" data-element_type=\"container\">\n\t\t<div class=\"elementor-element elementor-element-39f79ec e-con-full e-flex qodef-elementor-content-no e-con e-child\" data-id=\"39f79ec\" data-element_type=\"container\">\n\t\t\t\t<div class=\"elementor-element elementor-element-42113fe elementor-widget elementor-widget-heading\" data-id=\"42113fe\" data-element_type=\"widget\" data-widget_type=\"heading.default\">\n\t\t\t\t\t<h5 class=\"elementor-heading-title elementor-size-default\">PARCOURS<\/h5>\t\t\t\t<\/div>\n\t\t\t\t<div class=\"elementor-element elementor-element-339b7fe elementor-widget elementor-widget-text-editor\" data-id=\"339b7fe\" data-element_type=\"widget\" data-widget_type=\"text-editor.default\">\n\t\t\t\t\t\t\t\t\t<p>BTS Notariat- CAEN SUP\u00a0\u2018<br \/>Licence Pro \u2013Assistant juridique- Universit\u00e9 de Rennes 1<\/p>\t\t\t\t\t\t\t\t<\/div>\n\t\t\t\t<\/div>\n\t\t\t\t<\/div>\n\t\t<div class=\"elementor-element elementor-element-7a2b813 e-con-full e-flex qodef-elementor-content-no e-con e-child\" data-id=\"7a2b813\" data-element_type=\"container\">\n\t\t<div class=\"elementor-element elementor-element-95e28e5 e-con-full e-flex qodef-elementor-content-no e-con e-child\" data-id=\"95e28e5\" data-element_type=\"container\">\n\t\t\t\t<\/div>\n\t\t\t\t<\/div>\n\t\t\t\t\t<\/div>\n\t\t\t\t<\/div>\n\t\t<div class=\"elementor-element elementor-element-1e4c9260 bg-bleed e-flex e-con-boxed qodef-elementor-content-no e-con e-parent\" data-id=\"1e4c9260\" data-element_type=\"container\" data-settings=\"{&quot;background_background&quot;:&quot;classic&quot;}\">\n\t\t\t\t\t<div class=\"e-con-inner\">\n\t\t<div class=\"elementor-element elementor-element-f012419 e-con-full e-grid bg-bleed__inner qodef-elementor-content-no e-con e-child\" data-id=\"f012419\" data-element_type=\"container\">\n\t\t\t\t<div class=\"elementor-element elementor-element-131dc4c1 elementor-position-top elementor-widget elementor-widget-image-box\" data-id=\"131dc4c1\" data-element_type=\"widget\" data-widget_type=\"image-box.default\">\n\t\t\t\t\t<div class=\"elementor-image-box-wrapper\"><figure class=\"elementor-image-box-img\"><img fetchpriority=\"high\" decoding=\"async\" width=\"2560\" height=\"2208\" src=\"https:\/\/alcea-avocats.fr\/wp-content\/uploads\/2026\/01\/logo_alcea_v2-1-scaled.png\" class=\"attachment-full size-full wp-image-6391\" alt=\"\" srcset=\"https:\/\/alcea-avocats.fr\/wp-content\/uploads\/2026\/01\/logo_alcea_v2-1-scaled.png 2560w, https:\/\/alcea-avocats.fr\/wp-content\/uploads\/2026\/01\/logo_alcea_v2-1-300x259.png 300w, https:\/\/alcea-avocats.fr\/wp-content\/uploads\/2026\/01\/logo_alcea_v2-1-1024x883.png 1024w, https:\/\/alcea-avocats.fr\/wp-content\/uploads\/2026\/01\/logo_alcea_v2-1-768x662.png 768w, https:\/\/alcea-avocats.fr\/wp-content\/uploads\/2026\/01\/logo_alcea_v2-1-1536x1325.png 1536w, https:\/\/alcea-avocats.fr\/wp-content\/uploads\/2026\/01\/logo_alcea_v2-1-2048x1767.png 2048w\" sizes=\"(max-width: 2560px) 100vw, 2560px\" \/><\/figure><\/div>\t\t\t\t<\/div>\n\t\t<div class=\"elementor-element elementor-element-22dd86b2 e-con-full e-flex qodef-elementor-content-no e-con e-child\" data-id=\"22dd86b2\" data-element_type=\"container\">\n\t\t\t\t<div class=\"elementor-element elementor-element-3ae0a7fc elementor-widget elementor-widget-heading\" data-id=\"3ae0a7fc\" data-element_type=\"widget\" data-widget_type=\"heading.default\">\n\t\t\t\t\t<h6 class=\"elementor-heading-title elementor-size-default\">Plan du site<\/h6>\t\t\t\t<\/div>\n\t\t\t\t<div class=\"elementor-element elementor-element-178a1aa3 elementor-nav-menu--dropdown-none elementor-widget elementor-widget-nav-menu\" data-id=\"178a1aa3\" data-element_type=\"widget\" data-settings=\"{&quot;layout&quot;:&quot;vertical&quot;,&quot;submenu_icon&quot;:{&quot;value&quot;:&quot;&lt;i aria-hidden=\\&quot;true\\&quot; class=\\&quot;\\&quot;&gt;&lt;\\\/i&gt;&quot;,&quot;library&quot;:&quot;&quot;}}\" data-widget_type=\"nav-menu.default\">\n\t\t\t\t\t\t\t\t<nav aria-label=\"Menu\" class=\"elementor-nav-menu--main elementor-nav-menu__container elementor-nav-menu--layout-vertical e--pointer-none\">\n\t\t\t\t<ul id=\"menu-1-178a1aa3\" class=\"elementor-nav-menu sm-vertical\"><li class=\"menu-item menu-item-type-custom menu-item-object-custom menu-item-home menu-item-11\"><a href=\"https:\/\/alcea-avocats.fr\" title=\"home\" class=\"elementor-item\">Bonjour !<\/a><\/li>\n<li class=\"menu-item menu-item-type-post_type menu-item-object-page menu-item-7174\"><a href=\"https:\/\/alcea-avocats.fr\/index.php\/vous\/\" class=\"elementor-item\">Vous<\/a><\/li>\n<li class=\"menu-item menu-item-type-post_type menu-item-object-page menu-item-6307\"><a href=\"https:\/\/alcea-avocats.fr\/index.php\/ensemble\/\" class=\"elementor-item\">Ensemble<\/a><\/li>\n<li class=\"menu-item menu-item-type-post_type menu-item-object-page menu-item-6308\"><a href=\"https:\/\/alcea-avocats.fr\/index.php\/our-team\/\" class=\"elementor-item\">Nous<\/a><\/li>\n<li class=\"menu-item menu-item-type-post_type menu-item-object-page menu-item-6450\"><a href=\"https:\/\/alcea-avocats.fr\/index.php\/contact\/\" class=\"elementor-item\">Rencontrons-nous<\/a><\/li>\n<\/ul>\t\t\t<\/nav>\n\t\t\t\t\t\t<nav class=\"elementor-nav-menu--dropdown elementor-nav-menu__container\" aria-hidden=\"true\">\n\t\t\t\t<ul id=\"menu-2-178a1aa3\" class=\"elementor-nav-menu sm-vertical\"><li class=\"menu-item menu-item-type-custom menu-item-object-custom menu-item-home menu-item-11\"><a href=\"https:\/\/alcea-avocats.fr\" title=\"home\" class=\"elementor-item\" tabindex=\"-1\">Bonjour !<\/a><\/li>\n<li class=\"menu-item menu-item-type-post_type menu-item-object-page menu-item-7174\"><a href=\"https:\/\/alcea-avocats.fr\/index.php\/vous\/\" class=\"elementor-item\" tabindex=\"-1\">Vous<\/a><\/li>\n<li class=\"menu-item menu-item-type-post_type menu-item-object-page menu-item-6307\"><a href=\"https:\/\/alcea-avocats.fr\/index.php\/ensemble\/\" class=\"elementor-item\" tabindex=\"-1\">Ensemble<\/a><\/li>\n<li class=\"menu-item menu-item-type-post_type menu-item-object-page menu-item-6308\"><a href=\"https:\/\/alcea-avocats.fr\/index.php\/our-team\/\" class=\"elementor-item\" tabindex=\"-1\">Nous<\/a><\/li>\n<li class=\"menu-item menu-item-type-post_type menu-item-object-page menu-item-6450\"><a href=\"https:\/\/alcea-avocats.fr\/index.php\/contact\/\" class=\"elementor-item\" tabindex=\"-1\">Rencontrons-nous<\/a><\/li>\n<\/ul>\t\t\t<\/nav>\n\t\t\t\t\t\t<\/div>\n\t\t\t\t<\/div>\n\t\t<div class=\"elementor-element elementor-element-1d51f543 e-con-full e-flex qodef-elementor-content-no e-con e-child\" data-id=\"1d51f543\" data-element_type=\"container\">\n\t\t\t\t<div class=\"elementor-element elementor-element-4fdd2a98 elementor-widget elementor-widget-heading\" data-id=\"4fdd2a98\" data-element_type=\"widget\" data-widget_type=\"heading.default\">\n\t\t\t\t\t<h6 class=\"elementor-heading-title elementor-size-default\">Suivez-nous sur les r\u00e9seaux sociaux!<\/h6>\t\t\t\t<\/div>\n\t\t\t\t<div class=\"elementor-element elementor-element-dc20396 e-grid-align-left elementor-shape-rounded elementor-grid-0 elementor-widget elementor-widget-social-icons\" data-id=\"dc20396\" data-element_type=\"widget\" data-widget_type=\"social-icons.default\">\n\t\t\t\t\t\t\t<div class=\"elementor-social-icons-wrapper elementor-grid\" role=\"list\">\n\t\t\t\t\t\t\t<span class=\"elementor-grid-item\" role=\"listitem\">\n\t\t\t\t\t<a class=\"elementor-icon elementor-social-icon elementor-social-icon-instagram elementor-repeater-item-828f132\" href=\"https:\/\/www.instagram.com\/alcea_avocats\/\" target=\"_blank\">\n\t\t\t\t\t\t<span class=\"elementor-screen-only\">Instagram<\/span>\n\t\t\t\t\t\t<svg aria-hidden=\"true\" class=\"e-font-icon-svg e-fab-instagram\" viewBox=\"0 0 448 512\" xmlns=\"http:\/\/www.w3.org\/2000\/svg\"><path d=\"M224.1 141c-63.6 0-114.9 51.3-114.9 114.9s51.3 114.9 114.9 114.9S339 319.5 339 255.9 287.7 141 224.1 141zm0 189.6c-41.1 0-74.7-33.5-74.7-74.7s33.5-74.7 74.7-74.7 74.7 33.5 74.7 74.7-33.6 74.7-74.7 74.7zm146.4-194.3c0 14.9-12 26.8-26.8 26.8-14.9 0-26.8-12-26.8-26.8s12-26.8 26.8-26.8 26.8 12 26.8 26.8zm76.1 27.2c-1.7-35.9-9.9-67.7-36.2-93.9-26.2-26.2-58-34.4-93.9-36.2-37-2.1-147.9-2.1-184.9 0-35.8 1.7-67.6 9.9-93.9 36.1s-34.4 58-36.2 93.9c-2.1 37-2.1 147.9 0 184.9 1.7 35.9 9.9 67.7 36.2 93.9s58 34.4 93.9 36.2c37 2.1 147.9 2.1 184.9 0 35.9-1.7 67.7-9.9 93.9-36.2 26.2-26.2 34.4-58 36.2-93.9 2.1-37 2.1-147.8 0-184.8zM398.8 388c-7.8 19.6-22.9 34.7-42.6 42.6-29.5 11.7-99.5 9-132.1 9s-102.7 2.6-132.1-9c-19.6-7.8-34.7-22.9-42.6-42.6-11.7-29.5-9-99.5-9-132.1s-2.6-102.7 9-132.1c7.8-19.6 22.9-34.7 42.6-42.6 29.5-11.7 99.5-9 132.1-9s102.7-2.6 132.1 9c19.6 7.8 34.7 22.9 42.6 42.6 11.7 29.5 9 99.5 9 132.1s2.7 102.7-9 132.1z\"><\/path><\/svg>\t\t\t\t\t<\/a>\n\t\t\t\t<\/span>\n\t\t\t\t\t\t\t<span class=\"elementor-grid-item\" role=\"listitem\">\n\t\t\t\t\t<a class=\"elementor-icon elementor-social-icon elementor-social-icon-linkedin elementor-repeater-item-5c0ce3c\" href=\"https:\/\/www.linkedin.com\/company\/alcea-avocats-lemans\/\" target=\"_blank\">\n\t\t\t\t\t\t<span class=\"elementor-screen-only\">Linkedin<\/span>\n\t\t\t\t\t\t<svg aria-hidden=\"true\" class=\"e-font-icon-svg e-fab-linkedin\" viewBox=\"0 0 448 512\" xmlns=\"http:\/\/www.w3.org\/2000\/svg\"><path d=\"M416 32H31.9C14.3 32 0 46.5 0 64.3v383.4C0 465.5 14.3 480 31.9 480H416c17.6 0 32-14.5 32-32.3V64.3c0-17.8-14.4-32.3-32-32.3zM135.4 416H69V202.2h66.5V416zm-33.2-243c-21.3 0-38.5-17.3-38.5-38.5S80.9 96 102.2 96c21.2 0 38.5 17.3 38.5 38.5 0 21.3-17.2 38.5-38.5 38.5zm282.1 243h-66.4V312c0-24.8-.5-56.7-34.5-56.7-34.6 0-39.9 27-39.9 54.9V416h-66.4V202.2h63.7v29.2h.9c8.9-16.8 30.6-34.5 62.9-34.5 67.2 0 79.7 44.3 79.7 101.9V416z\"><\/path><\/svg>\t\t\t\t\t<\/a>\n\t\t\t\t<\/span>\n\t\t\t\t\t\t\t<span class=\"elementor-grid-item\" role=\"listitem\">\n\t\t\t\t\t<a class=\"elementor-icon elementor-social-icon elementor-social-icon-facebook-f elementor-repeater-item-3f1b7ac\" href=\"https:\/\/www.facebook.com\/ALCavocats\" target=\"_blank\">\n\t\t\t\t\t\t<span class=\"elementor-screen-only\">Facebook-f<\/span>\n\t\t\t\t\t\t<svg aria-hidden=\"true\" class=\"e-font-icon-svg e-fab-facebook-f\" viewBox=\"0 0 320 512\" xmlns=\"http:\/\/www.w3.org\/2000\/svg\"><path d=\"M279.14 288l14.22-92.66h-88.91v-60.13c0-25.35 12.42-50.06 52.24-50.06h40.42V6.26S260.43 0 225.36 0c-73.22 0-121.08 44.38-121.08 124.72v70.62H22.89V288h81.39v224h100.17V288z\"><\/path><\/svg>\t\t\t\t\t<\/a>\n\t\t\t\t<\/span>\n\t\t\t\t\t<\/div>\n\t\t\t\t\t\t<\/div>\n\t\t\t\t<div class=\"elementor-element elementor-element-33e80c91 elementor-widget elementor-widget-button\" data-id=\"33e80c91\" data-element_type=\"widget\" data-widget_type=\"button.default\">\n\t\t\t\t\t\t\t\t\t\t<a class=\"elementor-button elementor-button-link elementor-size-sm\" href=\"https:\/\/alcea-avocats.fr\/index.php\/contact\/\">\n\t\t\t\t\t\t<span class=\"elementor-button-content-wrapper\">\n\t\t\t\t\t\t\t\t\t<span class=\"elementor-button-text\">Rencontrons-nous<\/span>\n\t\t\t\t\t<\/span>\n\t\t\t\t\t<\/a>\n\t\t\t\t\t\t\t\t<\/div>\n\t\t\t\t<div class=\"elementor-element elementor-element-1ad5043 elementor-widget elementor-widget-heading\" data-id=\"1ad5043\" data-element_type=\"widget\" data-widget_type=\"heading.default\">\n\t\t\t\t\t<h6 class=\"elementor-heading-title elementor-size-default\"><a href=\"https:\/\/alcea-avocats.fr\/index.php\/mentions-legales\/\">Mentions l\u00e9gales<\/a><\/h6>\t\t\t\t<\/div>\n\t\t\t\t<\/div>\n\t\t\t\t<\/div>\n\t\t\t\t\t<\/div>\n\t\t\t\t<\/div>\n\t\t\t\t<\/div>\n\t\t","protected":false},"excerpt":{"rendered":"<p>Marius Gougeon ASSISTANT JURIDIQUE \u00ab\u00a0Je fais ce m\u00e9tier car j\u2019ai la sinc\u00e8re impression d\u2019aider\u00a0\u00bb Je me sens utile chaque jour au cabinet. J\u2019appr\u00e9cie particuli\u00e8rement le droit de la famille car j\u2019adore les histoires de vie, et parce que cette mati\u00e8re est susceptible de toucher le plus grand nombre d\u2019entre nous un jour. Ce qui me [&hellip;]<\/p>\n","protected":false},"author":1,"featured_media":0,"parent":0,"menu_order":0,"comment_status":"closed","ping_status":"closed","template":"page-full-width.php","meta":{"footnotes":""},"class_list":["post-6686","page","type-page","status-publish","hentry"],"_links":{"self":[{"href":"https:\/\/alcea-avocats.fr\/index.php\/wp-json\/wp\/v2\/pages\/6686","targetHints":{"allow":["GET"]}}],"collection":[{"href":"https:\/\/alcea-avocats.fr\/index.php\/wp-json\/wp\/v2\/pages"}],"about":[{"href":"https:\/\/alcea-avocats.fr\/index.php\/wp-json\/wp\/v2\/types\/page"}],"author":[{"embeddable":true,"href":"https:\/\/alcea-avocats.fr\/index.php\/wp-json\/wp\/v2\/users\/1"}],"replies":[{"embeddable":true,"href":"https:\/\/alcea-avocats.fr\/index.php\/wp-json\/wp\/v2\/comments?post=6686"}],"version-history":[{"count":22,"href":"https:\/\/alcea-avocats.fr\/index.php\/wp-json\/wp\/v2\/pages\/6686\/revisions"}],"predecessor-version":[{"id":7293,"href":"https:\/\/alcea-avocats.fr\/index.php\/wp-json\/wp\/v2\/pages\/6686\/revisions\/7293"}],"wp:attachment":[{"href":"https:\/\/alcea-avocats.fr\/index.php\/wp-json\/wp\/v2\/media?parent=6686"}],"curies":[{"name":"wp","href":"https:\/\/api.w.org\/{rel}","templated":true}]}}