{"id":6697,"date":"2026-01-08T09:36:15","date_gmt":"2026-01-08T09:36:15","guid":{"rendered":"https:\/\/mbfvmza.cluster100.hosting.ovh.net\/?page_id=6697"},"modified":"2026-01-14T08:59:48","modified_gmt":"2026-01-14T08:59:48","slug":"sylvie-gourdeau","status":"publish","type":"page","link":"https:\/\/alcea-avocats.fr\/index.php\/sylvie-gourdeau\/","title":{"rendered":"Sylvie Gourdeau"},"content":{"rendered":"\t\t<div data-elementor-type=\"wp-page\" data-elementor-id=\"6697\" class=\"elementor elementor-6697\" data-elementor-post-type=\"page\">\n\t\t\t\t\t\t<section class=\"elementor-section elementor-top-section elementor-element elementor-element-2cc73266 elementor-section-full_width elementor-section-height-default elementor-section-height-default qodef-elementor-content-no\" data-id=\"2cc73266\" data-element_type=\"section\">\n\t\t\t\t\t\t<div class=\"elementor-container elementor-column-gap-default\">\n\t\t\t\t\t<div class=\"elementor-column elementor-col-50 elementor-top-column elementor-element elementor-element-1cef25ee\" data-id=\"1cef25ee\" data-element_type=\"column\" data-settings=\"{&quot;background_background&quot;:&quot;classic&quot;}\">\n\t\t\t<div class=\"elementor-widget-wrap\">\n\t\t\t\t\t\t\t<\/div>\n\t\t<\/div>\n\t\t\t\t<div class=\"elementor-column elementor-col-50 elementor-top-column elementor-element elementor-element-111f4c08\" data-id=\"111f4c08\" data-element_type=\"column\">\n\t\t\t<div class=\"elementor-widget-wrap elementor-element-populated\">\n\t\t\t\t\t\t<div class=\"elementor-element elementor-element-2a50250b elementor-widget elementor-widget-emeline_core_section_title\" data-id=\"2a50250b\" data-element_type=\"widget\" data-widget_type=\"emeline_core_section_title.default\">\n\t\t\t\t<div class=\"elementor-widget-container\">\n\t\t\t\t\t<div class=\"qodef-shortcode qodef-m qodef-section-title qodef-alignment--left separator--wave-flipped qodef-appear-animation--enabled\">\n\t\t\t<h1 class=\"qodef-m-title\" >\n\t\t\t\t\t<span class=\"qodef-m-title-holder\" >Sylvie Gourdeau<\/span>\n\t\t\t\t\t\t\t<span class=\"qodef-m-dashed-line\">\n\t\t\t\t<svg  xmlns=\"http:\/\/www.w3.org\/2000\/svg\" xmlns:xlink=\"http:\/\/www.w3.org\/1999\/xlink\" x=\"0px\" y=\"0px\" viewBox=\"0 0 96.4 28.3\" ><path class=\"st0\" d=\"M1.7,10.5c0,0,1,1.7,3.4,3.6\"\/><path class=\"st1\" d=\"M9.2,16.5c7.3,3.2,20.8,4.3,43.9-8c0,0,17.6-6.6,35.5,3.5\"\/><path class=\"st0\" d=\"M90.6,13.2c1.4,0.9,2.7,1.8,4.1,2.9\"\/><\/svg>\t\t\t<\/span>\n\t\t\t<\/h1>\n\t<\/div>\n\t\t\t\t<\/div>\n\t\t\t\t<\/div>\n\t\t\t\t<div class=\"elementor-element elementor-element-676ab04c elementor-widget elementor-widget-text-editor\" data-id=\"676ab04c\" data-element_type=\"widget\" data-widget_type=\"text-editor.default\">\n\t\t\t\t\t\t\t\t\t<p>SECRETAIRE JURIDIQUE<\/p>\t\t\t\t\t\t\t\t<\/div>\n\t\t\t\t<div class=\"elementor-element elementor-element-5c917f15 elementor-widget elementor-widget-text-editor\" data-id=\"5c917f15\" data-element_type=\"widget\" data-widget_type=\"text-editor.default\">\n\t\t\t\t\t\t\t\t\t<h3>\u00ab\u00a0J\u2019appr\u00e9cie me placer \u00e0 l\u2019\u00e9coute des personnes, les renseigner, les conseiller et les rassurer au<br \/>mieux, tout en gardant le sourire\u00a0!\u00a0\u00bb<\/h3>\t\t\t\t\t\t\t\t<\/div>\n\t\t\t\t<div class=\"elementor-element elementor-element-6f8dff60 elementor-widget elementor-widget-text-editor\" data-id=\"6f8dff60\" data-element_type=\"widget\" data-widget_type=\"text-editor.default\">\n\t\t\t\t\t\t\t\t\t<p>J\u2019ai choisi ce m\u00e9tier lorsque j\u2019\u00e9tais toute jeune dipl\u00f4m\u00e9e!<\/p><p>Sans formation juridique initiale, j\u2019ai appris directement sur le terrain, gr\u00e2ce au soutien de mes coll\u00e8gues et de mes employeurs.<\/p><p>Ce qui m\u2019anime chaque matin en arrivant au cabinet, c\u2019est l\u2019id\u00e9e de commencer une nouvelle journ\u00e9e pleine de surprises! On ne sait jamais qui va venir sonner ou t\u00e9l\u00e9phoner et \u00e7a demande beaucoup d\u2019agilit\u00e9 et d\u2019adaptation.<\/p>\t\t\t\t\t\t\t\t<\/div>\n\t\t\t\t<div class=\"elementor-element elementor-element-4aa538c elementor-widget elementor-widget-text-editor\" data-id=\"4aa538c\" data-element_type=\"widget\" data-widget_type=\"text-editor.default\">\n\t\t\t\t\t\t\t\t\t<h3>\u00ab\u00a0Ce m\u00e9tier demande de la patience et de la pers\u00e9v\u00e9rance\u00a0\u00bb<\/h3>\t\t\t\t\t\t\t\t<\/div>\n\t\t\t\t<div class=\"elementor-element elementor-element-6a01b5e elementor-widget elementor-widget-text-editor\" data-id=\"6a01b5e\" data-element_type=\"widget\" data-widget_type=\"text-editor.default\">\n\t\t\t\t\t\t\t\t\t<p>Des qualit\u00e9s essentielles pour avancer sans baisser les bras !<\/p>\t\t\t\t\t\t\t\t<\/div>\n\t\t\t\t<div class=\"elementor-element elementor-element-a10c2ab elementor-widget elementor-widget-text-editor\" data-id=\"a10c2ab\" data-element_type=\"widget\" data-widget_type=\"text-editor.default\">\n\t\t\t\t\t\t\t\t\t<h3>\u00ab\u00a0Ce dossier que je n\u2019oublierai jamais\u00a0?\u00a0\u00bb<\/h3>\t\t\t\t\t\t\t\t<\/div>\n\t\t\t\t<div class=\"elementor-element elementor-element-670ddf0 elementor-widget elementor-widget-text-editor\" data-id=\"670ddf0\" data-element_type=\"widget\" data-widget_type=\"text-editor.default\">\n\t\t\t\t\t\t\t\t\t<p>Un dossier de divorce: le mariage avait \u00e9t\u00e9 c\u00e9l\u00e9br\u00e9 en Australie, l\u2019\u00e9pouse r\u00e9sidait dans la Sarthe, tandis que l\u2019\u00e9poux vivait toujours en Australie. Il \u00e9tait de nationalit\u00e9 congolaise.<\/p><p>Notre cliente n\u2019avait aucune connaissance des proc\u00e9dures, de leur complexit\u00e9, et s\u2019en est remise totalement \u00e0 nous. Il a fallu faire traduire en urgence en anglais tous les documents destin\u00e9s \u00e0 \u00eatre signifi\u00e9s en Australie. Chercher un traducteur efficace. Former un partenariat avec l\u2019huissier pour suivre les d\u00e9marches \u00e0 l\u2019\u00e9tranger.<\/p><p>Notre cliente avait tr\u00e8s peu de ressources et \u00e9tait assez d\u00e9munie face \u00e0 la multiplication des d\u00e9marches. J\u2019ai donc d\u00fb trouver un traducteur lequel s\u2019est r\u00e9v\u00e9l\u00e9 rapide, compr\u00e9hensif et tr\u00e8s humain.<\/p><p>Un vrai partenariat, pour des centaines de pages de proc\u00e9dure. Aujourd\u2019hui, nous sommes all\u00e9s au bout. Le divorce est prononc\u00e9. Traduit. Signifi\u00e9 \u00e0 l\u2019\u00e9tranger. Enregistr\u00e9. Et notre cliente tourne enfin sa page sereinement, en \u00e9tant certaine que nous avons franchi les milles \u00e9tapes administratives.<\/p><p>Ce dossier m\u2019a demand\u00e9 une grande attention, et une information constante \u00e0 la cliente.<\/p>\t\t\t\t\t\t\t\t<\/div>\n\t\t\t\t<div class=\"elementor-element elementor-element-c9807af elementor-widget elementor-widget-text-editor\" data-id=\"c9807af\" data-element_type=\"widget\" data-widget_type=\"text-editor.default\">\n\t\t\t\t\t\t\t\t\t<h3>\u00ab Un d\u00e9fi \u00e0 partager \u00bb<\/h3>\t\t\t\t\t\t\t\t<\/div>\n\t\t\t\t<div class=\"elementor-element elementor-element-ef9c0b8 elementor-widget elementor-widget-text-editor\" data-id=\"ef9c0b8\" data-element_type=\"widget\" data-widget_type=\"text-editor.default\">\n\t\t\t\t\t\t\t\t\t<p>J\u2019aime participer aux ateliers de Pilates, organis\u00e9s par ma fille, ainsi qu\u2019aux s\u00e9ances de Yin Yoga propos\u00e9es par une amie.<\/p><p>Cela m\u2019apporte un v\u00e9ritable bien-\u00eatre et me permet de lib\u00e9rer mon esprit.<\/p>\t\t\t\t\t\t\t\t<\/div>\n\t\t\t\t\t<\/div>\n\t\t<\/div>\n\t\t\t\t\t<\/div>\n\t\t<\/section>\n\t\t<div class=\"elementor-element elementor-element-1997b45 e-flex e-con-boxed qodef-elementor-content-no e-con e-parent\" data-id=\"1997b45\" data-element_type=\"container\" data-settings=\"{&quot;background_background&quot;:&quot;classic&quot;}\">\n\t\t\t\t\t<div class=\"e-con-inner\">\n\t\t<div class=\"elementor-element elementor-element-41e6dcb e-con-full e-flex qodef-elementor-content-no e-con e-child\" data-id=\"41e6dcb\" data-element_type=\"container\">\n\t\t<div class=\"elementor-element elementor-element-39f79ec e-con-full e-flex qodef-elementor-content-no e-con e-child\" data-id=\"39f79ec\" data-element_type=\"container\">\n\t\t\t\t<div class=\"elementor-element elementor-element-199fe95 elementor-widget elementor-widget-heading\" data-id=\"199fe95\" data-element_type=\"widget\" data-widget_type=\"heading.default\">\n\t\t\t\t\t<h5 class=\"elementor-heading-title elementor-size-default\">ENGAGEMENTS<\/h5>\t\t\t\t<\/div>\n\t\t\t\t<div class=\"elementor-element elementor-element-b6c11b4 elementor-widget elementor-widget-text-editor\" data-id=\"b6c11b4\" data-element_type=\"widget\" data-widget_type=\"text-editor.default\">\n\t\t\t\t\t\t\t\t\t<p>Membre et adh\u00e9rente de la FFGV de la SARTHE<br \/>Membre b\u00e9n\u00e9vole du Centre \u00c9questre de MAMERS (MAMERS EQUITATION)<\/p>\t\t\t\t\t\t\t\t<\/div>\n\t\t\t\t<\/div>\n\t\t\t\t<\/div>\n\t\t<div class=\"elementor-element elementor-element-7a2b813 e-con-full e-flex qodef-elementor-content-no e-con e-child\" data-id=\"7a2b813\" data-element_type=\"container\">\n\t\t<div class=\"elementor-element elementor-element-95e28e5 e-con-full e-flex qodef-elementor-content-no e-con e-child\" data-id=\"95e28e5\" data-element_type=\"container\">\n\t\t\t\t<div class=\"elementor-element elementor-element-42113fe elementor-widget elementor-widget-heading\" data-id=\"42113fe\" data-element_type=\"widget\" data-widget_type=\"heading.default\">\n\t\t\t\t\t<h5 class=\"elementor-heading-title elementor-size-default\">PARCOURS<\/h5>\t\t\t\t<\/div>\n\t\t\t\t<div class=\"elementor-element elementor-element-339b7fe elementor-widget elementor-widget-text-editor\" data-id=\"339b7fe\" data-element_type=\"widget\" data-widget_type=\"text-editor.default\">\n\t\t\t\t\t\t\t\t\t<p>1988- CAP-BEP de st\u00e9nodactylographe<br>Cabinet GUIBERT-GRIS: Secr\u00e9taire durant 29 ans<br>Apr\u00e8s 29 ann\u00e9es au sein du cabinet GUIBERT-GRIS et le d\u00e9part \u00e0 la retraite des avocats, j\u2019ai eu l\u2019opportunit\u00e9 de rejoindre la jeune \u00e9quipe d\u2019ALC Avocats qui leur a succ\u00e9d\u00e9.<\/p>\t\t\t\t\t\t\t\t<\/div>\n\t\t\t\t<\/div>\n\t\t\t\t<\/div>\n\t\t\t\t\t<\/div>\n\t\t\t\t<\/div>\n\t\t<div class=\"elementor-element elementor-element-7a171dc0 bg-bleed e-flex e-con-boxed qodef-elementor-content-no e-con e-parent\" data-id=\"7a171dc0\" data-element_type=\"container\" data-settings=\"{&quot;background_background&quot;:&quot;classic&quot;}\">\n\t\t\t\t\t<div class=\"e-con-inner\">\n\t\t<div class=\"elementor-element elementor-element-1b6006bd e-con-full e-grid bg-bleed__inner qodef-elementor-content-no e-con e-child\" data-id=\"1b6006bd\" data-element_type=\"container\">\n\t\t\t\t<div class=\"elementor-element elementor-element-45dd1cad elementor-position-top elementor-widget elementor-widget-image-box\" data-id=\"45dd1cad\" data-element_type=\"widget\" data-widget_type=\"image-box.default\">\n\t\t\t\t\t<div class=\"elementor-image-box-wrapper\"><figure class=\"elementor-image-box-img\"><img fetchpriority=\"high\" decoding=\"async\" width=\"2560\" height=\"2208\" src=\"https:\/\/alcea-avocats.fr\/wp-content\/uploads\/2026\/01\/logo_alcea_v2-1-scaled.png\" class=\"attachment-full size-full wp-image-6391\" alt=\"\" srcset=\"https:\/\/alcea-avocats.fr\/wp-content\/uploads\/2026\/01\/logo_alcea_v2-1-scaled.png 2560w, https:\/\/alcea-avocats.fr\/wp-content\/uploads\/2026\/01\/logo_alcea_v2-1-300x259.png 300w, https:\/\/alcea-avocats.fr\/wp-content\/uploads\/2026\/01\/logo_alcea_v2-1-1024x883.png 1024w, https:\/\/alcea-avocats.fr\/wp-content\/uploads\/2026\/01\/logo_alcea_v2-1-768x662.png 768w, https:\/\/alcea-avocats.fr\/wp-content\/uploads\/2026\/01\/logo_alcea_v2-1-1536x1325.png 1536w, https:\/\/alcea-avocats.fr\/wp-content\/uploads\/2026\/01\/logo_alcea_v2-1-2048x1767.png 2048w\" sizes=\"(max-width: 2560px) 100vw, 2560px\" \/><\/figure><\/div>\t\t\t\t<\/div>\n\t\t<div class=\"elementor-element elementor-element-3d953eab e-con-full e-flex qodef-elementor-content-no e-con e-child\" data-id=\"3d953eab\" data-element_type=\"container\">\n\t\t\t\t<div class=\"elementor-element elementor-element-732b7ae2 elementor-widget elementor-widget-heading\" data-id=\"732b7ae2\" data-element_type=\"widget\" data-widget_type=\"heading.default\">\n\t\t\t\t\t<h6 class=\"elementor-heading-title elementor-size-default\">Plan du site<\/h6>\t\t\t\t<\/div>\n\t\t\t\t<div class=\"elementor-element elementor-element-55a0d5a0 elementor-nav-menu--dropdown-none elementor-widget elementor-widget-nav-menu\" data-id=\"55a0d5a0\" data-element_type=\"widget\" data-settings=\"{&quot;layout&quot;:&quot;vertical&quot;,&quot;submenu_icon&quot;:{&quot;value&quot;:&quot;&lt;i aria-hidden=\\&quot;true\\&quot; class=\\&quot;\\&quot;&gt;&lt;\\\/i&gt;&quot;,&quot;library&quot;:&quot;&quot;}}\" data-widget_type=\"nav-menu.default\">\n\t\t\t\t\t\t\t\t<nav aria-label=\"Menu\" class=\"elementor-nav-menu--main elementor-nav-menu__container elementor-nav-menu--layout-vertical e--pointer-none\">\n\t\t\t\t<ul id=\"menu-1-55a0d5a0\" class=\"elementor-nav-menu sm-vertical\"><li class=\"menu-item menu-item-type-custom menu-item-object-custom menu-item-home menu-item-11\"><a href=\"https:\/\/alcea-avocats.fr\" title=\"home\" class=\"elementor-item\">Bonjour !<\/a><\/li>\n<li class=\"menu-item menu-item-type-post_type menu-item-object-page menu-item-7174\"><a href=\"https:\/\/alcea-avocats.fr\/index.php\/vous\/\" class=\"elementor-item\">Vous<\/a><\/li>\n<li class=\"menu-item menu-item-type-post_type menu-item-object-page menu-item-6307\"><a href=\"https:\/\/alcea-avocats.fr\/index.php\/ensemble\/\" class=\"elementor-item\">Ensemble<\/a><\/li>\n<li class=\"menu-item menu-item-type-post_type menu-item-object-page menu-item-6308\"><a href=\"https:\/\/alcea-avocats.fr\/index.php\/our-team\/\" class=\"elementor-item\">Nous<\/a><\/li>\n<li class=\"menu-item menu-item-type-post_type menu-item-object-page menu-item-6450\"><a href=\"https:\/\/alcea-avocats.fr\/index.php\/contact\/\" class=\"elementor-item\">Rencontrons-nous<\/a><\/li>\n<\/ul>\t\t\t<\/nav>\n\t\t\t\t\t\t<nav class=\"elementor-nav-menu--dropdown elementor-nav-menu__container\" aria-hidden=\"true\">\n\t\t\t\t<ul id=\"menu-2-55a0d5a0\" class=\"elementor-nav-menu sm-vertical\"><li class=\"menu-item menu-item-type-custom menu-item-object-custom menu-item-home menu-item-11\"><a href=\"https:\/\/alcea-avocats.fr\" title=\"home\" class=\"elementor-item\" tabindex=\"-1\">Bonjour !<\/a><\/li>\n<li class=\"menu-item menu-item-type-post_type menu-item-object-page menu-item-7174\"><a href=\"https:\/\/alcea-avocats.fr\/index.php\/vous\/\" class=\"elementor-item\" tabindex=\"-1\">Vous<\/a><\/li>\n<li class=\"menu-item menu-item-type-post_type menu-item-object-page menu-item-6307\"><a href=\"https:\/\/alcea-avocats.fr\/index.php\/ensemble\/\" class=\"elementor-item\" tabindex=\"-1\">Ensemble<\/a><\/li>\n<li class=\"menu-item menu-item-type-post_type menu-item-object-page menu-item-6308\"><a href=\"https:\/\/alcea-avocats.fr\/index.php\/our-team\/\" class=\"elementor-item\" tabindex=\"-1\">Nous<\/a><\/li>\n<li class=\"menu-item menu-item-type-post_type menu-item-object-page menu-item-6450\"><a href=\"https:\/\/alcea-avocats.fr\/index.php\/contact\/\" class=\"elementor-item\" tabindex=\"-1\">Rencontrons-nous<\/a><\/li>\n<\/ul>\t\t\t<\/nav>\n\t\t\t\t\t\t<\/div>\n\t\t\t\t<\/div>\n\t\t<div class=\"elementor-element elementor-element-2bae13dd e-con-full e-flex qodef-elementor-content-no e-con e-child\" data-id=\"2bae13dd\" data-element_type=\"container\">\n\t\t\t\t<div class=\"elementor-element elementor-element-1cd07471 elementor-widget elementor-widget-heading\" data-id=\"1cd07471\" data-element_type=\"widget\" data-widget_type=\"heading.default\">\n\t\t\t\t\t<h6 class=\"elementor-heading-title elementor-size-default\">Suivez-nous sur les r\u00e9seaux sociaux!<\/h6>\t\t\t\t<\/div>\n\t\t\t\t<div class=\"elementor-element elementor-element-37634ba6 e-grid-align-left elementor-shape-rounded elementor-grid-0 elementor-widget elementor-widget-social-icons\" data-id=\"37634ba6\" data-element_type=\"widget\" data-widget_type=\"social-icons.default\">\n\t\t\t\t\t\t\t<div class=\"elementor-social-icons-wrapper elementor-grid\" role=\"list\">\n\t\t\t\t\t\t\t<span class=\"elementor-grid-item\" role=\"listitem\">\n\t\t\t\t\t<a class=\"elementor-icon elementor-social-icon elementor-social-icon-instagram elementor-repeater-item-828f132\" href=\"https:\/\/www.instagram.com\/alcea_avocats\/\" target=\"_blank\">\n\t\t\t\t\t\t<span class=\"elementor-screen-only\">Instagram<\/span>\n\t\t\t\t\t\t<svg aria-hidden=\"true\" class=\"e-font-icon-svg e-fab-instagram\" viewBox=\"0 0 448 512\" xmlns=\"http:\/\/www.w3.org\/2000\/svg\"><path d=\"M224.1 141c-63.6 0-114.9 51.3-114.9 114.9s51.3 114.9 114.9 114.9S339 319.5 339 255.9 287.7 141 224.1 141zm0 189.6c-41.1 0-74.7-33.5-74.7-74.7s33.5-74.7 74.7-74.7 74.7 33.5 74.7 74.7-33.6 74.7-74.7 74.7zm146.4-194.3c0 14.9-12 26.8-26.8 26.8-14.9 0-26.8-12-26.8-26.8s12-26.8 26.8-26.8 26.8 12 26.8 26.8zm76.1 27.2c-1.7-35.9-9.9-67.7-36.2-93.9-26.2-26.2-58-34.4-93.9-36.2-37-2.1-147.9-2.1-184.9 0-35.8 1.7-67.6 9.9-93.9 36.1s-34.4 58-36.2 93.9c-2.1 37-2.1 147.9 0 184.9 1.7 35.9 9.9 67.7 36.2 93.9s58 34.4 93.9 36.2c37 2.1 147.9 2.1 184.9 0 35.9-1.7 67.7-9.9 93.9-36.2 26.2-26.2 34.4-58 36.2-93.9 2.1-37 2.1-147.8 0-184.8zM398.8 388c-7.8 19.6-22.9 34.7-42.6 42.6-29.5 11.7-99.5 9-132.1 9s-102.7 2.6-132.1-9c-19.6-7.8-34.7-22.9-42.6-42.6-11.7-29.5-9-99.5-9-132.1s-2.6-102.7 9-132.1c7.8-19.6 22.9-34.7 42.6-42.6 29.5-11.7 99.5-9 132.1-9s102.7-2.6 132.1 9c19.6 7.8 34.7 22.9 42.6 42.6 11.7 29.5 9 99.5 9 132.1s2.7 102.7-9 132.1z\"><\/path><\/svg>\t\t\t\t\t<\/a>\n\t\t\t\t<\/span>\n\t\t\t\t\t\t\t<span class=\"elementor-grid-item\" role=\"listitem\">\n\t\t\t\t\t<a class=\"elementor-icon elementor-social-icon elementor-social-icon-linkedin elementor-repeater-item-5c0ce3c\" href=\"https:\/\/www.linkedin.com\/company\/alcea-avocats-lemans\/\" target=\"_blank\">\n\t\t\t\t\t\t<span class=\"elementor-screen-only\">Linkedin<\/span>\n\t\t\t\t\t\t<svg aria-hidden=\"true\" class=\"e-font-icon-svg e-fab-linkedin\" viewBox=\"0 0 448 512\" xmlns=\"http:\/\/www.w3.org\/2000\/svg\"><path d=\"M416 32H31.9C14.3 32 0 46.5 0 64.3v383.4C0 465.5 14.3 480 31.9 480H416c17.6 0 32-14.5 32-32.3V64.3c0-17.8-14.4-32.3-32-32.3zM135.4 416H69V202.2h66.5V416zm-33.2-243c-21.3 0-38.5-17.3-38.5-38.5S80.9 96 102.2 96c21.2 0 38.5 17.3 38.5 38.5 0 21.3-17.2 38.5-38.5 38.5zm282.1 243h-66.4V312c0-24.8-.5-56.7-34.5-56.7-34.6 0-39.9 27-39.9 54.9V416h-66.4V202.2h63.7v29.2h.9c8.9-16.8 30.6-34.5 62.9-34.5 67.2 0 79.7 44.3 79.7 101.9V416z\"><\/path><\/svg>\t\t\t\t\t<\/a>\n\t\t\t\t<\/span>\n\t\t\t\t\t\t\t<span class=\"elementor-grid-item\" role=\"listitem\">\n\t\t\t\t\t<a class=\"elementor-icon elementor-social-icon elementor-social-icon-facebook-f elementor-repeater-item-3f1b7ac\" href=\"https:\/\/www.facebook.com\/ALCavocats\" target=\"_blank\">\n\t\t\t\t\t\t<span class=\"elementor-screen-only\">Facebook-f<\/span>\n\t\t\t\t\t\t<svg aria-hidden=\"true\" class=\"e-font-icon-svg e-fab-facebook-f\" viewBox=\"0 0 320 512\" xmlns=\"http:\/\/www.w3.org\/2000\/svg\"><path d=\"M279.14 288l14.22-92.66h-88.91v-60.13c0-25.35 12.42-50.06 52.24-50.06h40.42V6.26S260.43 0 225.36 0c-73.22 0-121.08 44.38-121.08 124.72v70.62H22.89V288h81.39v224h100.17V288z\"><\/path><\/svg>\t\t\t\t\t<\/a>\n\t\t\t\t<\/span>\n\t\t\t\t\t<\/div>\n\t\t\t\t\t\t<\/div>\n\t\t\t\t<div class=\"elementor-element elementor-element-4a756e88 elementor-widget elementor-widget-button\" data-id=\"4a756e88\" data-element_type=\"widget\" data-widget_type=\"button.default\">\n\t\t\t\t\t\t\t\t\t\t<a class=\"elementor-button elementor-button-link elementor-size-sm\" href=\"https:\/\/alcea-avocats.fr\/index.php\/contact\/\">\n\t\t\t\t\t\t<span class=\"elementor-button-content-wrapper\">\n\t\t\t\t\t\t\t\t\t<span class=\"elementor-button-text\">Rencontrons-nous<\/span>\n\t\t\t\t\t<\/span>\n\t\t\t\t\t<\/a>\n\t\t\t\t\t\t\t\t<\/div>\n\t\t\t\t<div class=\"elementor-element elementor-element-a5d49a0 elementor-widget elementor-widget-heading\" data-id=\"a5d49a0\" data-element_type=\"widget\" data-widget_type=\"heading.default\">\n\t\t\t\t\t<h6 class=\"elementor-heading-title elementor-size-default\"><a href=\"https:\/\/alcea-avocats.fr\/index.php\/mentions-legales\/\">Mentions l\u00e9gales<\/a><\/h6>\t\t\t\t<\/div>\n\t\t\t\t<\/div>\n\t\t\t\t<\/div>\n\t\t\t\t\t<\/div>\n\t\t\t\t<\/div>\n\t\t\t\t<\/div>\n\t\t","protected":false},"excerpt":{"rendered":"<p>Sylvie Gourdeau SECRETAIRE JURIDIQUE \u00ab\u00a0J\u2019appr\u00e9cie me placer \u00e0 l\u2019\u00e9coute des personnes, les renseigner, les conseiller et les rassurer aumieux, tout en gardant le sourire\u00a0!\u00a0\u00bb J\u2019ai choisi ce m\u00e9tier lorsque j\u2019\u00e9tais toute jeune dipl\u00f4m\u00e9e! Sans formation juridique initiale, j\u2019ai appris directement sur le terrain, gr\u00e2ce au soutien de mes coll\u00e8gues et de mes employeurs. Ce qui [&hellip;]<\/p>\n","protected":false},"author":1,"featured_media":0,"parent":0,"menu_order":0,"comment_status":"closed","ping_status":"closed","template":"page-full-width.php","meta":{"footnotes":""},"class_list":["post-6697","page","type-page","status-publish","hentry"],"_links":{"self":[{"href":"https:\/\/alcea-avocats.fr\/index.php\/wp-json\/wp\/v2\/pages\/6697","targetHints":{"allow":["GET"]}}],"collection":[{"href":"https:\/\/alcea-avocats.fr\/index.php\/wp-json\/wp\/v2\/pages"}],"about":[{"href":"https:\/\/alcea-avocats.fr\/index.php\/wp-json\/wp\/v2\/types\/page"}],"author":[{"embeddable":true,"href":"https:\/\/alcea-avocats.fr\/index.php\/wp-json\/wp\/v2\/users\/1"}],"replies":[{"embeddable":true,"href":"https:\/\/alcea-avocats.fr\/index.php\/wp-json\/wp\/v2\/comments?post=6697"}],"version-history":[{"count":19,"href":"https:\/\/alcea-avocats.fr\/index.php\/wp-json\/wp\/v2\/pages\/6697\/revisions"}],"predecessor-version":[{"id":7290,"href":"https:\/\/alcea-avocats.fr\/index.php\/wp-json\/wp\/v2\/pages\/6697\/revisions\/7290"}],"wp:attachment":[{"href":"https:\/\/alcea-avocats.fr\/index.php\/wp-json\/wp\/v2\/media?parent=6697"}],"curies":[{"name":"wp","href":"https:\/\/api.w.org\/{rel}","templated":true}]}}