{"id":6799,"date":"2026-01-08T16:02:26","date_gmt":"2026-01-08T16:02:26","guid":{"rendered":"https:\/\/mbfvmza.cluster100.hosting.ovh.net\/?page_id=6799"},"modified":"2026-01-09T20:01:38","modified_gmt":"2026-01-09T20:01:38","slug":"mentions-legales","status":"publish","type":"page","link":"https:\/\/alcea-avocats.fr\/index.php\/mentions-legales\/","title":{"rendered":"Mentions l\u00e9gales"},"content":{"rendered":"\t\t<div data-elementor-type=\"wp-page\" data-elementor-id=\"6799\" class=\"elementor elementor-6799\" data-elementor-post-type=\"page\">\n\t\t\t\t<div class=\"elementor-element elementor-element-06ee56e e-flex e-con-boxed qodef-elementor-content-no e-con e-parent\" data-id=\"06ee56e\" data-element_type=\"container\">\n\t\t\t\t\t<div class=\"e-con-inner\">\n\t\t\t\t<div class=\"elementor-element elementor-element-8784a46 elementor-widget elementor-widget-emeline_core_section_title\" data-id=\"8784a46\" data-element_type=\"widget\" data-widget_type=\"emeline_core_section_title.default\">\n\t\t\t\t<div class=\"elementor-widget-container\">\n\t\t\t\t\t<div class=\"qodef-shortcode qodef-m qodef-section-title qodef-alignment--left separator--wave qodef-appear-animation--enabled\">\n\t\t\t<h2 class=\"qodef-m-title\" >\n\t\t\t\t\t<span class=\"qodef-m-title-holder\" >Mentions l\u00e9gales<\/span>\n\t\t\t\t\t\t\t<span class=\"qodef-m-dashed-line\">\n\t\t\t\t<svg  xmlns=\"http:\/\/www.w3.org\/2000\/svg\" xmlns:xlink=\"http:\/\/www.w3.org\/1999\/xlink\" x=\"0px\" y=\"0px\" viewBox=\"0 0 96.4 28.3\" ><path class=\"st0\" d=\"M1.7,10.5c0,0,1,1.7,3.4,3.6\"\/><path class=\"st1\" d=\"M9.2,16.5c7.3,3.2,20.8,4.3,43.9-8c0,0,17.6-6.6,35.5,3.5\"\/><path class=\"st0\" d=\"M90.6,13.2c1.4,0.9,2.7,1.8,4.1,2.9\"\/><\/svg>\t\t\t<\/span>\n\t\t\t<\/h2>\n\t<\/div>\n\t\t\t\t<\/div>\n\t\t\t\t<\/div>\n\t\t\t\t<div class=\"elementor-element elementor-element-228dd25 elementor-widget elementor-widget-text-editor\" data-id=\"228dd25\" data-element_type=\"widget\" data-widget_type=\"text-editor.default\">\n\t\t\t\t\t\t\t\t\t<p><b>PROPRIETAIRE DU SITE\u00a0:<\/b><\/p><p>\u00a0<\/p><p><span style=\"font-weight: 400;\">SELARL ALC AVOCATS<\/span><\/p><p><span style=\"font-weight: 400;\">SELARL au capital de 31.400 euros<\/span><\/p><p><span style=\"font-weight: 400;\">1 rue de l\u2019\u00e9toile- 72000 LE MANS<\/span><\/p><p><span style=\"font-weight: 400;\">02 44 84 18 00 \u2013 secretariat@alcea-avocats.fr<\/span><\/p><p><span style=\"font-weight: 400;\">RCS LE MANS- SIRET n\u00b0<\/span><span style=\"font-weight: 400;\">84003122300034<\/span><\/p><p><span style=\"font-weight: 400;\">Code NAF 6910Z- Activit\u00e9s juridiques<\/span><\/p><p>\u00a0<\/p><p><span style=\"font-weight: 400;\">La SELARL ALC AVOCATS, est un cabinet d\u2019avocats dont tous les avocats sont inscrits au Barreau du MANS, et sont ainsi rattach\u00e9s \u00e0 l\u2019Ordre du barreau du MANS (France).\u00a0<\/span><\/p><p>\u00a0<\/p><p><span style=\"font-weight: 400;\">Les avocats membres de la SELARL ALC AVOCATS sont soumis au r\u00e8glement int\u00e9rieur du barreau du MANS et au r\u00e8glement int\u00e9rieur national dans leur version applicable, ainsi qu\u2019aux dispositions l\u00e9gislatives et r\u00e8glementaires relatives \u00e0 la profession d\u2019avocat.<\/span><\/p><p>\u00a0<\/p><p><b>DIRECTEUR DE LA PUBLICATION :<\/b><\/p><p>\u00a0<\/p><p><span style=\"font-weight: 400;\">Anne-lise CLOAREC- Avocat associ\u00e9- G\u00e9rant SELARL ALC AVOCATS<\/span><\/p><p>\u00a0<\/p><p><b>HEBERGEUR<\/b><\/p><p>\u00a0<\/p><p><span style=\"font-weight: 400;\">OVH<\/span><\/p><p><span style=\"font-weight: 400;\">RCS Lille M\u00e9tropole 424 761 419 00045<\/span><span style=\"font-weight: 400;\"><br \/><\/span><span style=\"font-weight: 400;\">Code APE 2620Z<\/span><span style=\"font-weight: 400;\"><br \/><\/span><span style=\"font-weight: 400;\">N\u00b0 TVA : FR 22 424 761 419<\/span><span style=\"font-weight: 400;\"><br \/><\/span><span style=\"font-weight: 400;\">Si\u00e8ge social : 2 rue Kellermann &#8211; 59100 Roubaix \u2013 France<\/span><\/p><p>\u00a0<\/p><p><b>COPYRIGHT<\/b><\/p><p><span style=\"font-weight: 400;\">Les \u00e9l\u00e9ments graphiques, textuels et informatiques du site www.alcea-avocats.fr sont la propri\u00e9t\u00e9 exclusive de la SELARL ALC AVOCATS, dont l\u2019autorisation \u00e9crite est n\u00e9cessaire pour toute reproduction, diffusion ou utilisation de quelque nature.<\/span><\/p><p><b>AVERTISSEMENT<\/b><\/p><p><span style=\"font-weight: 400;\">La responsabilit\u00e9 professionnelle de tout avocat du cabinet ALCEA AVOCATS ne saurait \u00eatre engag\u00e9e du fait des informations\u00a0d\u2019ordre g\u00e9n\u00e9ral\u00a0figurant ce site, qui ne constituent pas des consultations juridiques destin\u00e9es \u00e0 r\u00e9pondre \u00e0 une situation particuli\u00e8re.<\/span><\/p><p><b>CHARTE SUR LA POLITIQUE DES DONN\u00c9ES<\/b><\/p><p><span style=\"font-weight: 400;\">Conform\u00e9ment \u00e0 la loi n\u00b078-17 du 6 janvier 1978 modifi\u00e9e relative \u00e0 l&#8217;informatique, aux fichiers et aux libert\u00e9s, et au r\u00e8glement europ\u00e9en 2016\/679, dit R\u00e8glement G\u00e9n\u00e9ral sur la Protection des Donn\u00e9es (RGPD), vous disposez d&#8217;un droit d&#8217;acc\u00e8s, de rectification, de suppression des informations qui vous concernent.<\/span><span style=\"font-weight: 400;\"><br \/><\/span><span style=\"font-weight: 400;\"><br \/><\/span><span style=\"font-weight: 400;\">Le Cabinet ALCEA AVOCATS peut \u00eatre amen\u00e9 \u00e0 recueillir vos donn\u00e9es personnelles pour le traitement de votre dossier, dans le cadre de rencontres professionnelles ou d\u2019op\u00e9rations de partenariat.<\/span><span style=\"font-weight: 400;\"><br \/><\/span><span style=\"font-weight: 400;\"><br \/><\/span><span style=\"font-weight: 400;\">Les donn\u00e9es personnelles d\u00e9claratives sont celles que vous fournissez par le biais de formulaires, ou en r\u00e9ponse \u00e0 des questions qui vous sont pos\u00e9es par des avocats ou membres de la soci\u00e9t\u00e9.<\/span><span style=\"font-weight: 400;\"><br \/><\/span><span style=\"font-weight: 400;\"><br \/><\/span><span style=\"font-weight: 400;\">Seules sont collect\u00e9es les informations pertinentes, ad\u00e9quates et limit\u00e9es \u00e0 ce qui est n\u00e9cessaire au regard des finalit\u00e9s pour lesquelles elles sont trait\u00e9es.<\/span><span style=\"font-weight: 400;\"><br \/><\/span><span style=\"font-weight: 400;\"><br \/><\/span><span style=\"font-weight: 400;\">Le Cabinet conserve vos donn\u00e9es personnelles le temps n\u00e9cessaire \u00e0 l\u2019accomplissement des finalit\u00e9s poursuivies, sous r\u00e9serve des dispositions l\u00e9gales relatives \u00e0 l\u2019archivage et aux obligations de conservation de certaines donn\u00e9es.<\/span><span style=\"font-weight: 400;\"><br \/><\/span><span style=\"font-weight: 400;\"><br \/><\/span><span style=\"font-weight: 400;\">Vous pouvez exercer vos droits en lien avec vos donn\u00e9es personnelles en vous adressant \u00e0 ALCEA AVOCATS \u2013 1 rue de l\u2019\u00e9toile 72 000 LE MANS- 02 44 84 18 00 en la personne du d\u00e9l\u00e9gu\u00e9 \u00e0 la protection des donn\u00e9es personnelles\u00a0: Anne-Lise CLOAREC.<\/span><\/p><p>\u00a0<\/p><p><span style=\"font-weight: 400;\">Si vous estimez, apr\u00e8s nous avoir contact\u00e9s, que vos droits \u00ab\u00a0Informatique et Libert\u00e9s\u00a0\u00bb ne sont pas respect\u00e9s, vous pouvez adresser une r\u00e9clamation \u00e0 la CNIL.<\/span><\/p><p><br \/><br \/><\/p><p><b>MEDIATEUR DE LA PROFESSION D\u2019AVOCATS<\/b><\/p><p>\u00a0<\/p><p><span style=\"font-weight: 400;\">Conform\u00e9ment \u00e0 l\u2019article R.156-1 du code de la consommation, l\u2019avocat informe son client que tout litige relatif \u00e0 son activit\u00e9 peut \u00eatre soumis au m\u00e9diateur de la consommation de la profession d\u2019avocat\u00a0:<\/span><\/p><p>\u00a0<\/p><p><span style=\"font-weight: 400;\">Mme Carole PASCAREL- 180 boulevard HAUSSMAN <\/span><span style=\"font-weight: 400;\">\u2011<\/span><span style=\"font-weight: 400;\"> 75 008 PARIS- \u00a0<\/span><a href=\"mailto:mediateur-conso@mediateur-consommation-avocat.fr\"><span style=\"font-weight: 400;\">mediateur-conso@mediateur-consommation-avocat.fr<\/span><\/a><span style=\"font-weight: 400;\"> \/ Site internet\u00a0: http:\/\/mediateur-consommation-avocat.fr<\/span><\/p>\t\t\t\t\t\t\t\t<\/div>\n\t\t\t\t\t<\/div>\n\t\t\t\t<\/div>\n\t\t\t\t<\/div>\n\t\t","protected":false},"excerpt":{"rendered":"<p>Mentions l\u00e9gales PROPRIETAIRE DU SITE\u00a0: \u00a0 SELARL ALC AVOCATS SELARL au capital de 31.400 euros 1 rue de l\u2019\u00e9toile- 72000 LE MANS 02 44 84 18 00 \u2013 secretariat@alcea-avocats.fr RCS LE MANS- SIRET n\u00b084003122300034 Code NAF 6910Z- Activit\u00e9s juridiques \u00a0 La SELARL ALC AVOCATS, est un cabinet d\u2019avocats dont tous les avocats sont inscrits au [&hellip;]<\/p>\n","protected":false},"author":1,"featured_media":0,"parent":0,"menu_order":0,"comment_status":"closed","ping_status":"closed","template":"","meta":{"footnotes":""},"class_list":["post-6799","page","type-page","status-publish","hentry"],"_links":{"self":[{"href":"https:\/\/alcea-avocats.fr\/index.php\/wp-json\/wp\/v2\/pages\/6799","targetHints":{"allow":["GET"]}}],"collection":[{"href":"https:\/\/alcea-avocats.fr\/index.php\/wp-json\/wp\/v2\/pages"}],"about":[{"href":"https:\/\/alcea-avocats.fr\/index.php\/wp-json\/wp\/v2\/types\/page"}],"author":[{"embeddable":true,"href":"https:\/\/alcea-avocats.fr\/index.php\/wp-json\/wp\/v2\/users\/1"}],"replies":[{"embeddable":true,"href":"https:\/\/alcea-avocats.fr\/index.php\/wp-json\/wp\/v2\/comments?post=6799"}],"version-history":[{"count":10,"href":"https:\/\/alcea-avocats.fr\/index.php\/wp-json\/wp\/v2\/pages\/6799\/revisions"}],"predecessor-version":[{"id":7250,"href":"https:\/\/alcea-avocats.fr\/index.php\/wp-json\/wp\/v2\/pages\/6799\/revisions\/7250"}],"wp:attachment":[{"href":"https:\/\/alcea-avocats.fr\/index.php\/wp-json\/wp\/v2\/media?parent=6799"}],"curies":[{"name":"wp","href":"https:\/\/api.w.org\/{rel}","templated":true}]}}